
{"id":10594,"date":"2018-10-22T13:46:26","date_gmt":"2018-10-22T13:46:26","guid":{"rendered":"https:\/\/airdockfr.com\/pontones-hinchables-air-dock\/"},"modified":"2025-05-15T07:38:59","modified_gmt":"2025-05-15T07:38:59","slug":"pontones-hinchables-air-dock","status":"publish","type":"page","link":"https:\/\/airdockfr.com\/es\/pontones-hinchables-air-dock\/","title":{"rendered":"Pontones hinchables Air Dock"},"content":{"rendered":"<div class=\"wpb-content-wrapper\"><p>[vc_row full_width=&#8221;stretch_row&#8221; kd_background_image_position=&#8221;vc_row-bg-position-top&#8221;][vc_column][vc_row_inner kd_background_image_position=&#8221;vc_row-bg-position-top&#8221; css=&#8221;.vc_custom_1706112091363{padding-top: 100px !important;padding-bottom: 40px !important;}&#8221; css_tablet_portrait=&#8221;.vc_custom_1706112091363{padding-top: 100px !important;}&#8221; css_mobile=&#8221;.vc_custom_1706112091363{padding-top: 100px !important;}&#8221;][vc_column_inner css=&#8221;.vc_custom_1706028197580{padding-top: 30px !important;padding-right: 30px !important;padding-left: 0px !important;}&#8221; offset=&#8221;vc_col-lg-offset-0 vc_col-lg-6 vc_col-md-offset-0 vc_col-sm-offset-0&#8243; css_tablet_portrait=&#8221;.vc_custom_1706028197580{padding-right: 0px !important;}&#8221; css_mobile=&#8221;.vc_custom_1706028197580{padding-right: 0px !important;}&#8221;]<div class=\"kd-photo-group group-layout-left-right large-shadow enable-parallax\">\n                <div class=\"kd-group-image first-image-wrapper\"><div class=\"kd-group-image-animation kd-animated fadeInDown\" data-animation-delay=200><img loading=\"lazy\" decoding=\"async\" width=\"370\" height=\"430\" src=\"https:\/\/airdockfr.com\/wp-content\/uploads\/2024\/01\/ponton-1-1.webp\" class=\"attachment-full\" alt=\"\" title=\"ponton 1\" srcset=\"https:\/\/airdockfr.com\/wp-content\/uploads\/2024\/01\/ponton-1-1.webp 370w, https:\/\/airdockfr.com\/wp-content\/uploads\/2024\/01\/ponton-1-1-258x300.webp 258w\" sizes=\"auto, (max-width: 370px) 100vw, 370px\" \/><\/div><\/div>\n                <div class=\"kd-group-image second-image-wrapper\" style=\"bottom: -15%;\"><div class=\"kd-group-image-animation kd-animated fadeInUp\" data-animation-delay=200><img loading=\"lazy\" decoding=\"async\" width=\"400\" height=\"470\" src=\"https:\/\/airdockfr.com\/wp-content\/uploads\/2024\/01\/ponton-2.webp\" class=\"attachment-full\" alt=\"\" title=\"ponton 2\" srcset=\"https:\/\/airdockfr.com\/wp-content\/uploads\/2024\/01\/ponton-2.webp 400w, https:\/\/airdockfr.com\/wp-content\/uploads\/2024\/01\/ponton-2-255x300.webp 255w\" sizes=\"auto, (max-width: 400px) 100vw, 400px\" \/><\/div><\/div>\n            <\/div><div class=\"kd-shapes shape_dots with-parallax kd-animated zoomIn\" style=\"right: -45px;bottom: -160px;width: 340px;height: 173px;\" data-parallax-speed=\"-0.05\" data-animation-delay=400><\/div>[\/vc_column_inner][vc_column_inner css=&#8221;.vc_custom_1598629364542{padding-top: 30px !important;padding-right: 50px !important;padding-left: 100px !important;}&#8221; offset=&#8221;vc_col-lg-6&#8243; css_tablet_portrait=&#8221;.vc_custom_1598629364544{padding-top: 100px !important;padding-right: 15px !important;padding-left: 15px !important;}&#8221; css_mobile=&#8221;.vc_custom_1598629364545{padding-top: 100px !important;padding-right: 15px !important;padding-left: 15px !important;}&#8221; css_tablet_landscape=&#8221;.vc_custom_1598629364543{padding-top: 100px !important;padding-right: 10px !important;padding-left: 15px !important;}&#8221;]<header class=\"kd-section-title col-lg-12 text-left  subtitle-below-title kd-animated fadeIn   vc_custom_1706026188388\" data-animation-delay=200><h2 class=\"separator_off\" style=\"margin-bottom:30px;\">Descubre nuestros pontones hinchables Air Dock<br \/>\n<\/h2><h6 class=\"subtitle\" >Si eres propietario de un yate o una embarcaci\u00f3n y quieres mejorar tu experiencia en el mar y aprovechar al m\u00e1ximo tu tiempo en el agua, has venido al lugar adecuado.<\/p>\n<p>Nuestros muelles hinchables y pantalanes flotantes ofrecen la combinaci\u00f3n perfecta de diversi\u00f3n, comodidad y versatilidad, y est\u00e1n pensados para los entusiastas de los deportes acu\u00e1ticos de todo tipo.<\/h6><\/header><div class=\"key-icon-box icon-default icon-left cont-left ib-no-effect     icon-no-background icon-no-border kd-animated fadeIn\" style=\"background-color: transparent;margin-bottom:40px;\" data-animation-delay=200><div class=\"ib-simple-icon-wrapper\" ><i class=\"iconsmind-Full-Screen2 iconsmind-Arrows\" style=\"font-size: 25px;font-weight: 700;\"><\/i> <\/div><h6 class=\"service-heading\" >Crea tu propia configuraci\u00f3n flotante<\/h6><p style=\"font-size: 18px;\">Conecta f\u00e1cilmente varios pontones hinchables para crear la plataforma flotante que mejor se adapte a tus necesidades.<\/p><\/div><div class=\"key-icon-box icon-default icon-left cont-left ib-no-effect     icon-no-background icon-no-border kd-animated fadeIn\" style=\"background-color: transparent;\" data-animation-delay=200><div class=\"ib-simple-icon-wrapper\" ><i class=\"iconsmind-Yacht iconsmind-Transportation\" style=\"font-size: 25px;font-weight: 700;\"><\/i> <\/div><h6 class=\"service-heading\" >Un barco para cada uso<\/h6><p style=\"font-size: 18px;\">Desde el yate m\u00e1s grande hasta la semirr\u00edgida m\u00e1s peque\u00f1a, un pont\u00f3n hinchable mejorar\u00e1 tu experiencia de navegaci\u00f3n, sea cual sea el tama\u00f1o de tu embarcaci\u00f3n.<\/p><\/div>[\/vc_column_inner][\/vc_row_inner][vc_row_inner kd_background_image_position=&#8221;vc_row-bg-position-top&#8221; css=&#8221;.vc_custom_1706112097403{padding-bottom: 130px !important;}&#8221;][vc_column_inner]<a  href=\"\/boutique\/\"  target=\"_self\"  title=\"\"  class=\"tt_button tt_primary_button btn_primary_color  button-center button-action-link icon_right  kd-animated zoomIn\" data-animation-delay=200><span class=\"prim_text\">Descubre nuestros Pontones<\/span><span class=\"fas fa-chevron-right iconita\" style=\"font-size:12px;\"><\/span><\/a>[\/vc_column_inner][\/vc_row_inner][\/vc_column][\/vc_row][vc_row full_width=&#8221;stretch_row&#8221; kd_background_image_position=&#8221;vc_row-bg-position-top&#8221; kd_background_overlay=&#8221;true&#8221; css=&#8221;.vc_custom_1605716260997{padding-top: 100px !important;padding-bottom: 100px !important;}&#8221; el_class=&#8221;boxed-column&#8221;][vc_column]<header class=\"kd-section-title col-lg-12 text-center  subtitle-below-title    vc_custom_1706028962854\" ><h2 class=\"separator_off\" >\u00a1Dise\u00f1amos y construimos nuestros propios pontones hinchables!<\/h2><h6 class=\"subtitle\" >Los Pontones Hinchables AIRDOCK France est\u00e1n dise\u00f1ados por navegantes para navegantes - \u00a1Aprovecha nuestra experiencia para mejorar tu experiencia a bordo!<\/h6><\/header><div class=\"features-tabs kd-tabswrapper-3273969e19c86b1ab9 tabs-image-right tab-img-fullwidth\" >\r\n\t\t\t\t<div id=\"kd-extab-5303069e19c86b216d\">\r\n\t\t\t\t<div class=\"tab-image-container\"><img loading=\"lazy\" decoding=\"async\" width=\"1100\" height=\"770\" src=\"https:\/\/airdockfr.com\/wp-content\/uploads\/2024\/01\/AIRDOCKFR.COM-page-ponton-gonflable-feuille-qualite.webp\" class=\"attachment-full\" alt=\"\" title=\"AIRDOCKFR.COM - page ponton gonflable - feuille qualite\" srcset=\"https:\/\/airdockfr.com\/wp-content\/uploads\/2024\/01\/AIRDOCKFR.COM-page-ponton-gonflable-feuille-qualite.webp 1100w, https:\/\/airdockfr.com\/wp-content\/uploads\/2024\/01\/AIRDOCKFR.COM-page-ponton-gonflable-feuille-qualite-300x210.webp 300w, https:\/\/airdockfr.com\/wp-content\/uploads\/2024\/01\/AIRDOCKFR.COM-page-ponton-gonflable-feuille-qualite-1024x717.webp 1024w, https:\/\/airdockfr.com\/wp-content\/uploads\/2024\/01\/AIRDOCKFR.COM-page-ponton-gonflable-feuille-qualite-768x538.webp 768w, https:\/\/airdockfr.com\/wp-content\/uploads\/2024\/01\/AIRDOCKFR.COM-page-ponton-gonflable-feuille-qualite-800x560.webp 800w\" sizes=\"auto, (max-width: 1100px) 100vw, 1100px\" \/><\/div>\r\n\t\t\t\t<\/div>\r\n\t\t\t\t<li class=\"tab-control-item\">\r\n\t\t\t\t\t<a href=\"#kd-extab-5303069e19c86b216d\">\r\n\t\t\t\t\t\t<div class=\"tab-text-container\">\r\n\t\t\t\t\t\t\t<h5 class=\"tab-title\"> Robustez y seguridad<\/h5><p class=\"tab-content\">Fabricados con materiales de alta calidad, nuestros muelles y plataformas hinchables soportan una gran variedad de condiciones meteorol\u00f3gicas y un uso intensivo, lo que garantiza su robustez y seguridad.<\/p><\/div>\r\n\t\t\t\t\t<\/a>\r\n\t\t\t\t<\/li><div id=\"kd-extab-8366469e19c86b2822\">\r\n\t\t\t\t<div class=\"tab-image-container\"><img loading=\"lazy\" decoding=\"async\" width=\"1100\" height=\"770\" src=\"https:\/\/airdockfr.com\/wp-content\/uploads\/2024\/01\/AIRDOCKFR.COM-page-ponton-gonflable-feuille-stockage.webp\" class=\"attachment-full\" alt=\"\" title=\"AIRDOCKFR.COM - page ponton gonflable - feuille stockage\" srcset=\"https:\/\/airdockfr.com\/wp-content\/uploads\/2024\/01\/AIRDOCKFR.COM-page-ponton-gonflable-feuille-stockage.webp 1100w, https:\/\/airdockfr.com\/wp-content\/uploads\/2024\/01\/AIRDOCKFR.COM-page-ponton-gonflable-feuille-stockage-300x210.webp 300w, https:\/\/airdockfr.com\/wp-content\/uploads\/2024\/01\/AIRDOCKFR.COM-page-ponton-gonflable-feuille-stockage-1024x717.webp 1024w, https:\/\/airdockfr.com\/wp-content\/uploads\/2024\/01\/AIRDOCKFR.COM-page-ponton-gonflable-feuille-stockage-768x538.webp 768w, https:\/\/airdockfr.com\/wp-content\/uploads\/2024\/01\/AIRDOCKFR.COM-page-ponton-gonflable-feuille-stockage-800x560.webp 800w\" sizes=\"auto, (max-width: 1100px) 100vw, 1100px\" \/><\/div>\r\n\t\t\t\t<\/div>\r\n\t\t\t\t<li class=\"tab-control-item\">\r\n\t\t\t\t\t<a href=\"#kd-extab-8366469e19c86b2822\">\r\n\t\t\t\t\t\t<div class=\"tab-text-container\">\r\n\t\t\t\t\t\t\t<h5 class=\"tab-title\"> Almacenamiento y portabilidad<\/h5><p class=\"tab-content\">El material utilizado para fabricar los Air Docks es especialmente flexible, lo que facilita su transporte y almacenamiento sin comprometer su durabilidad.<\/p><\/div>\r\n\t\t\t\t\t<\/a>\r\n\t\t\t\t<\/li><div id=\"kd-extab-8714869e19c86b2e4d\">\r\n\t\t\t\t<div class=\"tab-image-container\"><img loading=\"lazy\" decoding=\"async\" width=\"1100\" height=\"770\" src=\"https:\/\/airdockfr.com\/wp-content\/uploads\/2024\/01\/AIRDOCKFR.COM-page-ponton-gonflable-feuille-style.webp\" class=\"attachment-full\" alt=\"\" title=\"AIRDOCKFR.COM - page ponton gonflable - feuille style\" srcset=\"https:\/\/airdockfr.com\/wp-content\/uploads\/2024\/01\/AIRDOCKFR.COM-page-ponton-gonflable-feuille-style.webp 1100w, https:\/\/airdockfr.com\/wp-content\/uploads\/2024\/01\/AIRDOCKFR.COM-page-ponton-gonflable-feuille-style-300x210.webp 300w, https:\/\/airdockfr.com\/wp-content\/uploads\/2024\/01\/AIRDOCKFR.COM-page-ponton-gonflable-feuille-style-1024x717.webp 1024w, https:\/\/airdockfr.com\/wp-content\/uploads\/2024\/01\/AIRDOCKFR.COM-page-ponton-gonflable-feuille-style-768x538.webp 768w, https:\/\/airdockfr.com\/wp-content\/uploads\/2024\/01\/AIRDOCKFR.COM-page-ponton-gonflable-feuille-style-800x560.webp 800w\" sizes=\"auto, (max-width: 1100px) 100vw, 1100px\" \/><\/div>\r\n\t\t\t\t<\/div>\r\n\t\t\t\t<li class=\"tab-control-item\">\r\n\t\t\t\t\t<a href=\"#kd-extab-8714869e19c86b2e4d\">\r\n\t\t\t\t\t\t<div class=\"tab-text-container\">\r\n\t\t\t\t\t\t\t<h5 class=\"tab-title\"> Estilo y sencillez<\/h5><p class=\"tab-content\">El concepto es sencillo: es un pont\u00f3n hinchable flotante. Pero es mucho m\u00e1s que eso, porque es lo que quieres de una salida a otra. Utiliza un pont\u00f3n, o varios, para crear aut\u00e9nticos espacios flotantes, seg\u00fan tus necesidades.<\/p><\/div>\r\n\t\t\t\t\t<\/a>\r\n\t\t\t\t<\/li>\r\n\t\t\t\t<ul class=\"tab-controls\"><\/ul>\r\n\t\t\t<\/div>[\/vc_column][\/vc_row][vc_row full_width=&#8221;stretch_row&#8221; kd_background_image_position=&#8221;vc_row-bg-position-top&#8221; css=&#8221;.vc_custom_1599047591892{padding-top: 100px !important;}&#8221;][vc_column][vc_row_inner content_placement=&#8221;middle&#8221; kd_background_image_position=&#8221;vc_row-bg-position-top&#8221; css=&#8221;.vc_custom_1597749211141{padding-bottom: 100px !important;}&#8221;][vc_column_inner css=&#8221;.vc_custom_1706110916153{padding-right: 120px !important;padding-left: 0px !important;}&#8221; offset=&#8221;vc_col-lg-offset-0 vc_col-lg-12 vc_col-md-offset-0 vc_col-sm-offset-0&#8243; css_tablet_landscape=&#8221;.vc_custom_1706110916153{margin-bottom: 80px !important;padding-right: 60px !important;padding-left: 0px !important;}&#8221; css_tablet_portrait=&#8221;.vc_custom_1706110916153{margin-bottom: 80px !important;padding-right: 30px !important;padding-left: 30px !important;}&#8221; css_mobile=&#8221;.vc_custom_1706110916153{margin-bottom: 80px !important;padding-right: 15px !important;padding-left: 15px !important;}&#8221;]<div class=\"kd-photobox  \" ><div class=\"photobox-img\"><img loading=\"lazy\" decoding=\"async\" width=\"1100\" height=\"770\" src=\"https:\/\/airdockfr.com\/wp-content\/uploads\/2024\/01\/AIRDOCKFR.COM-PONTON-GONFLABLE-QUALITE-EXCELLENTE.webp\" class=\"attachment-full\" alt=\"\" title=\"AIRDOCKFR.COM PONTON GONFLABLE QUALITE EXCELLENTE\" srcset=\"https:\/\/airdockfr.com\/wp-content\/uploads\/2024\/01\/AIRDOCKFR.COM-PONTON-GONFLABLE-QUALITE-EXCELLENTE.webp 1100w, https:\/\/airdockfr.com\/wp-content\/uploads\/2024\/01\/AIRDOCKFR.COM-PONTON-GONFLABLE-QUALITE-EXCELLENTE-300x210.webp 300w, https:\/\/airdockfr.com\/wp-content\/uploads\/2024\/01\/AIRDOCKFR.COM-PONTON-GONFLABLE-QUALITE-EXCELLENTE-1024x717.webp 1024w, https:\/\/airdockfr.com\/wp-content\/uploads\/2024\/01\/AIRDOCKFR.COM-PONTON-GONFLABLE-QUALITE-EXCELLENTE-768x538.webp 768w, https:\/\/airdockfr.com\/wp-content\/uploads\/2024\/01\/AIRDOCKFR.COM-PONTON-GONFLABLE-QUALITE-EXCELLENTE-800x560.webp 800w\" sizes=\"auto, (max-width: 1100px) 100vw, 1100px\" \/><\/div><div class=\"phb-content text-center \">\n                  <h5 ><\/h5>\n                  <p ><\/p><\/div><\/div>[\/vc_column_inner][\/vc_row_inner][\/vc_column][\/vc_row][vc_row disable_element=&#8221;yes&#8221; kd_background_image_position=&#8221;vc_row-bg-position-top&#8221; css=&#8221;.vc_custom_1706111192106{padding-top: 100px !important;padding-bottom: 100px !important;}&#8221;][vc_column css=&#8221;.vc_custom_1597665991208{padding-right: 0px !important;padding-left: 0px !important;}&#8221;][vc_row_inner kd_background_image_position=&#8221;vc_row-bg-position-top&#8221;][vc_column_inner width=&#8221;1\/4&#8243; css_tablet_portrait=&#8221;.vc_custom_1598606089104{padding-right: 5px !important;padding-left: 5px !important;}&#8221;]<div class=\"key-icon-box icon-default icon-top cont-center ib-hover-1    with-border icon-with-background icon-no-border kd-animated fadeInUp\" style=\"background-color: transparent;border: 1px solid #e7e7e7;\" ><div class=\"ib-wrapper\" style=\"padding-top:40px;padding-bottom:40px;padding-left:30px;padding-right:30px;\"><div class=\"ib-icon-wrapper\" style=\"background-color: #f0f1ff;width:70px;height:70px;margin-bottom:25px;\"><i class=\"iconsmind-Like iconsmind-Social-Media\" style=\"font-size: 28px;font-weight: 700;\"><\/i> <\/div><h4 class=\"service-heading\" >Marca<\/h4><p >Creamos planes de acci\u00f3n eficaces y dise\u00f1amos negocios \u00f3ptimos<\/p><p class=\"ib-link \"><a href=\"https:\/\/www.swaytheme.com\/pages\/pricing-classic\/\" target=\"_self\" rel=\"noopener\">Saber m\u00e1s<\/a><\/p><\/div><\/div>[\/vc_column_inner][vc_column_inner width=&#8221;1\/4&#8243; css_tablet_portrait=&#8221;.vc_custom_1598606093434{padding-right: 5px !important;padding-left: 5px !important;}&#8221;]<div class=\"key-icon-box icon-default icon-top cont-center ib-hover-1    with-border icon-with-background icon-no-border kd-animated fadeInUp\" style=\"background-color: transparent;border: 1px solid #e7e7e7;\" data-animation-delay=200><div class=\"ib-wrapper\" style=\"padding-top:40px;padding-bottom:40px;padding-left:30px;padding-right:30px;\"><div class=\"ib-icon-wrapper\" style=\"background-color: #f0f1ff;width:70px;height:70px;margin-bottom:25px;\"><i class=\"iconsmind-Compass iconsmind-Design\" style=\"font-size: 28px;font-weight: 700;\"><\/i> <\/div><h4 class=\"service-heading\" >Desarrollo<\/h4><p >Creamos planes de acci\u00f3n eficaces y dise\u00f1amos negocios \u00f3ptimos<\/p><p class=\"ib-link \"><a href=\"https:\/\/www.swaytheme.com\/pages\/pricing-simple\/\" target=\"_self\" rel=\"noopener\">Saber m\u00e1s<\/a><\/p><\/div><\/div>[\/vc_column_inner][vc_column_inner width=&#8221;1\/4&#8243; css_tablet_portrait=&#8221;.vc_custom_1598606097346{padding-right: 5px !important;padding-left: 5px !important;}&#8221;]<div class=\"key-icon-box icon-default icon-top cont-center ib-hover-1    with-border icon-with-background icon-no-border kd-animated fadeInUp\" style=\"background-color: transparent;border: 1px solid #e7e7e7;\" data-animation-delay=400><div class=\"ib-wrapper\" style=\"padding-top:40px;padding-bottom:40px;padding-left:30px;padding-right:30px;\"><div class=\"ib-icon-wrapper\" style=\"background-color: #f0f1ff;width:70px;height:70px;margin-bottom:25px;\"><i class=\"iconsmind-Flag-2 iconsmind-Flags\" style=\"font-size: 28px;font-weight: 700;\"><\/i> <\/div><h4 class=\"service-heading\" >Estrategia<\/h4><p >Creamos planes de acci\u00f3n eficaces y dise\u00f1amos negocios \u00f3ptimos<\/p><p class=\"ib-link \"><a href=\"https:\/\/www.swaytheme.com\/pages\/pricing-creative\/\" target=\"_self\" rel=\"noopener\">Saber m\u00e1s<\/a><\/p><\/div><\/div>[\/vc_column_inner][vc_column_inner width=&#8221;1\/4&#8243; css_tablet_portrait=&#8221;.vc_custom_1598606101299{padding-right: 5px !important;padding-left: 5px !important;}&#8221;]<div class=\"key-icon-box icon-default icon-top cont-center ib-hover-1    with-border icon-with-background icon-no-border kd-animated fadeInUp\" style=\"background-color: transparent;border: 1px solid #e7e7e7;\" data-animation-delay=600><div class=\"ib-wrapper\" style=\"padding-top:40px;padding-bottom:40px;padding-left:30px;padding-right:30px;\"><div class=\"ib-icon-wrapper\" style=\"background-color: #f0f1ff;width:70px;height:70px;margin-bottom:25px;\"><i class=\"iconsmind-Eye-Blind iconsmind-Bodypart\" style=\"font-size: 28px;font-weight: 700;\"><\/i> <\/div><h4 class=\"service-heading\" >Investiga<\/h4><p >Creamos planes de acci\u00f3n eficaces y dise\u00f1amos negocios \u00f3ptimos<\/p><p class=\"ib-link \"><a href=\"https:\/\/www.swaytheme.com\/pages\/pricing-minimal\/\" target=\"_self\" rel=\"noopener\">Saber m\u00e1s<\/a><\/p><\/div><\/div>[\/vc_column_inner][\/vc_row_inner][\/vc_column][\/vc_row][vc_row full_width=&#8221;stretch_row&#8221; content_placement=&#8221;middle&#8221; kd_background_image_position=&#8221;vc_row-bg-position-top&#8221; kd_background_overlay=&#8221;true&#8221; css=&#8221;.vc_custom_1606148110994{margin-bottom: -90px !important;}&#8221;][vc_column][vc_row_inner kd_background_image_position=&#8221;vc_row-bg-position-top&#8221; css=&#8221;.vc_custom_1706126350881{padding-top: 100px !important;padding-bottom: 150px !important;}&#8221;][vc_column_inner css=&#8221;.vc_custom_1607017514095{margin-bottom: 50px !important;padding-right: 100px !important;padding-left: 0px !important;}&#8221; offset=&#8221;vc_col-lg-offset-0 vc_col-lg-6 vc_col-md-offset-1 vc_col-sm-offset-1&#8243; css_tablet_portrait=&#8221;.vc_custom_1607017514096{padding-right: 0px !important;}&#8221; css_mobile=&#8221;.vc_custom_1607017514097{padding-right: 0px !important;}&#8221;]<div class=\"kd-photobox  \" ><div class=\"photobox-img\"><img loading=\"lazy\" decoding=\"async\" width=\"750\" height=\"655\" src=\"https:\/\/airdockfr.com\/wp-content\/uploads\/2024\/01\/Multiples-combinaisons-AIRDOCKFR.COM-copy.webp\" class=\"attachment-full\" alt=\"\" title=\"Multiples combinaisons AIRDOCKFR.COM copy\" srcset=\"https:\/\/airdockfr.com\/wp-content\/uploads\/2024\/01\/Multiples-combinaisons-AIRDOCKFR.COM-copy.webp 750w, https:\/\/airdockfr.com\/wp-content\/uploads\/2024\/01\/Multiples-combinaisons-AIRDOCKFR.COM-copy-300x262.webp 300w\" sizes=\"auto, (max-width: 750px) 100vw, 750px\" \/><\/div><div class=\"phb-content text-center \">\n                  <h5 ><\/h5>\n                  <p ><\/p><\/div><\/div>[\/vc_column_inner][vc_column_inner css=&#8221;.vc_custom_1606148452234{padding-top: 20px !important;padding-right: 100px !important;padding-left: 50px !important;}&#8221; offset=&#8221;vc_col-lg-6&#8243; css_tablet_portrait=&#8221;.vc_custom_1606148452236{padding-right: 15px !important;padding-left: 15px !important;}&#8221; css_mobile=&#8221;.vc_custom_1606148452237{padding-right: 15px !important;padding-left: 15px !important;}&#8221;]<header class=\"kd-section-title col-lg-12 text-left  subtitle-below-title kd-animated fadeIn   vc_custom_1706111638195\" data-animation-delay=200><h2 class=\"separator_off\" style=\"margin-bottom:30px;\">Crea tu propia configuraci\u00f3n de pontones hinchables<br \/>\n<\/h2><h6 class=\"subtitle\" >Con nuestros pantalanes Air Dock, ofrece a tus pasajeros la plataforma perfecta para leer, relajarse y nadar. \u00a1Crea tu propio lugar de ensue\u00f1o detr\u00e1s de tu yate! <\/p>\n<p>A\u00f1ade sof\u00e1s, piscinas flotantes para que puedas nadar sin preocuparte por las medusas y la contaminaci\u00f3n marina, o incluso muelles de amarre para que puedas utilizar tus motos acu\u00e1ticas con total seguridad.<\/h6><\/header><a  href=\"\/boutique\/\"  target=\"_self\"  title=\"\"  class=\"tt_button tt_primary_button btn_primary_color  btn-align-left button-action-link icon_right  kd-animated zoomIn\" data-animation-delay=200><span class=\"prim_text\">Descubre nuestros Pontones<\/span><span class=\"fas fa-chevron-right iconita\" style=\"font-size:12px;\"><\/span><\/a>[\/vc_column_inner][\/vc_row_inner][\/vc_column][\/vc_row][vc_row kd_background_image_position=&#8221;vc_row-bg-position-top&#8221; kd_row_shadow=&#8221;true&#8221; css=&#8221;.vc_custom_1706126280611{margin-right: 15px !important;margin-left: 15px !important;padding-bottom: 100px !important;background-color: #ffffff !important;border-radius: 5px !important;}&#8221; el_class=&#8221;zindex&#8221;][vc_column css=&#8221;.vc_custom_1706126252640{padding-top: 40px !important;}&#8221;]<header class=\"kd-section-title col-lg-12 text-center  subtitle-below-title    vc_custom_1706111939157\" ><h2 class=\"separator_off\" >Explora nuestros Pontones Hinchables<\/h2><h6 class=\"subtitle\" >A\u00f1ade una nueva perspectiva a tu experiencia de navegaci\u00f3n llevando la comodidad de tu yate al agua.<\/h6><\/header><div class=\"woocommerce columns-4 \"><\/div><a  href=\"\/boutique\/\"  target=\"_self\"  title=\"\"  class=\"tt_button tt_primary_button btn_primary_color  button-center button-action-link icon_right  kd-animated zoomIn add-margin-right\" data-animation-delay=200><span class=\"prim_text\">Ver m\u00e1s...<\/span><span class=\"fas fa-chevron-right iconita\" ><\/span><\/a>[vc_empty_space][\/vc_column][\/vc_row]<\/p>\n<\/div>","protected":false},"excerpt":{"rendered":"<p>[vc_row full_width=&#8221;stretch_row&#8221; kd_background_image_position=&#8221;vc_row-bg-position-top&#8221;][vc_column][vc_row_inner kd_background_image_position=&#8221;vc_row-bg-position-top&#8221; css=&#8221;.vc_custom_1706112091363{padding-top: 100px !important;padding-bottom: 40px !important;}&#8221; css_tablet_portrait=&#8221;.vc_custom_1706112091363{padding-top: 100px !important;}&#8221; css_mobile=&#8221;.vc_custom_1706112091363{padding-top: 100px !important;}&#8221;][vc_column_inner css=&#8221;.vc_custom_1706028197580{padding-top: 30px !important;padding-right: 30px !important;padding-left: [&hellip;]<\/p>\n","protected":false},"author":1,"featured_media":10154,"parent":0,"menu_order":0,"comment_status":"closed","ping_status":"closed","template":"","meta":{"footnotes":""},"class_list":["post-10594","page","type-page","status-publish","has-post-thumbnail","hentry"],"_links":{"self":[{"href":"https:\/\/airdockfr.com\/es\/wp-json\/wp\/v2\/pages\/10594","targetHints":{"allow":["GET"]}}],"collection":[{"href":"https:\/\/airdockfr.com\/es\/wp-json\/wp\/v2\/pages"}],"about":[{"href":"https:\/\/airdockfr.com\/es\/wp-json\/wp\/v2\/types\/page"}],"author":[{"embeddable":true,"href":"https:\/\/airdockfr.com\/es\/wp-json\/wp\/v2\/users\/1"}],"replies":[{"embeddable":true,"href":"https:\/\/airdockfr.com\/es\/wp-json\/wp\/v2\/comments?post=10594"}],"version-history":[{"count":4,"href":"https:\/\/airdockfr.com\/es\/wp-json\/wp\/v2\/pages\/10594\/revisions"}],"predecessor-version":[{"id":10618,"href":"https:\/\/airdockfr.com\/es\/wp-json\/wp\/v2\/pages\/10594\/revisions\/10618"}],"wp:featuredmedia":[{"embeddable":true,"href":"https:\/\/airdockfr.com\/es\/wp-json\/wp\/v2\/media\/10154"}],"wp:attachment":[{"href":"https:\/\/airdockfr.com\/es\/wp-json\/wp\/v2\/media?parent=10594"}],"curies":[{"name":"wp","href":"https:\/\/api.w.org\/{rel}","templated":true}]}}