
{"id":10635,"date":"2018-10-22T13:45:00","date_gmt":"2018-10-22T13:45:00","guid":{"rendered":"https:\/\/airdockfr.com\/quienes-somos\/"},"modified":"2025-05-15T07:43:27","modified_gmt":"2025-05-15T07:43:27","slug":"quienes-somos","status":"publish","type":"page","link":"https:\/\/airdockfr.com\/es\/quienes-somos\/","title":{"rendered":"\u00bfQui\u00e9nes somos?"},"content":{"rendered":"<div class=\"wpb-content-wrapper\"><p>[vc_row kd_background_image_position=&#8221;vc_row-bg-position-top&#8221;][vc_column][vc_row_inner kd_background_image_position=&#8221;vc_row-bg-position-top&#8221; css=&#8221;.vc_custom_1606228443871{padding-top: 120px !important;padding-bottom: 110px !important;}&#8221; css_tablet_portrait=&#8221;.vc_custom_1606228443873{padding-top: 100px !important;}&#8221; css_mobile=&#8221;.vc_custom_1606228443874{padding-top: 100px !important;}&#8221;][vc_column_inner css=&#8221;.vc_custom_1598626887631{padding-right: 30px !important;padding-left: 0px !important;}&#8221; offset=&#8221;vc_col-lg-offset-0 vc_col-lg-6 vc_col-md-offset-0 vc_col-sm-offset-0&#8243; css_tablet_portrait=&#8221;.vc_custom_1598626887632{padding-right: 0px !important;}&#8221; css_mobile=&#8221;.vc_custom_1598626887633{padding-right: 0px !important;}&#8221;]<div class=\"kd-photo-group group-layout-left-right large-shadow enable-parallax\">\n                <div class=\"kd-group-image first-image-wrapper\"><div class=\"kd-group-image-animation kd-animated fadeInDown\" data-animation-delay=200><img loading=\"lazy\" decoding=\"async\" width=\"370\" height=\"370\" src=\"https:\/\/airdockfr.com\/wp-content\/uploads\/2024\/11\/AIRDOCKFR.COM-sur-mesure-equipe-1.webp\" class=\"attachment-full\" alt=\"\" title=\"AIRDOCKFR.COM sur mesure equipe 1\" srcset=\"https:\/\/airdockfr.com\/wp-content\/uploads\/2024\/11\/AIRDOCKFR.COM-sur-mesure-equipe-1.webp 370w, https:\/\/airdockfr.com\/wp-content\/uploads\/2024\/11\/AIRDOCKFR.COM-sur-mesure-equipe-1-300x300.webp 300w, https:\/\/airdockfr.com\/wp-content\/uploads\/2024\/11\/AIRDOCKFR.COM-sur-mesure-equipe-1-150x150.webp 150w, https:\/\/airdockfr.com\/wp-content\/uploads\/2024\/11\/AIRDOCKFR.COM-sur-mesure-equipe-1-320x320.webp 320w\" sizes=\"auto, (max-width: 370px) 100vw, 370px\" \/><\/div><\/div>\n                <div class=\"kd-group-image second-image-wrapper\" style=\"bottom: -20%;\"><div class=\"kd-group-image-animation kd-animated fadeInUp\" data-animation-delay=200><img loading=\"lazy\" decoding=\"async\" width=\"391\" height=\"391\" src=\"https:\/\/airdockfr.com\/wp-content\/uploads\/2024\/11\/AIRDOCKFR.COM-usine.webp\" class=\"attachment-full\" alt=\"\" title=\"AIRDOCKFR.COM usine\" srcset=\"https:\/\/airdockfr.com\/wp-content\/uploads\/2024\/11\/AIRDOCKFR.COM-usine.webp 391w, https:\/\/airdockfr.com\/wp-content\/uploads\/2024\/11\/AIRDOCKFR.COM-usine-300x300.webp 300w, https:\/\/airdockfr.com\/wp-content\/uploads\/2024\/11\/AIRDOCKFR.COM-usine-150x150.webp 150w, https:\/\/airdockfr.com\/wp-content\/uploads\/2024\/11\/AIRDOCKFR.COM-usine-320x320.webp 320w\" sizes=\"auto, (max-width: 391px) 100vw, 391px\" \/><\/div><\/div>\n            <\/div><div class=\"kd-shapes shape_dots with-parallax kd-animated zoomIn\" style=\"right: -45px;bottom: -160px;width: 340px;height: 173px;\" data-parallax-speed=\"-0.05\" data-animation-delay=400><\/div>[\/vc_column_inner][vc_column_inner css=&#8221;.vc_custom_1606228210691{padding-right: 50px !important;padding-left: 100px !important;}&#8221; offset=&#8221;vc_col-lg-6&#8243; css_tablet_portrait=&#8221;.vc_custom_1606228210693{padding-top: 100px !important;padding-right: 15px !important;padding-left: 15px !important;}&#8221; css_mobile=&#8221;.vc_custom_1606228210694{padding-top: 100px !important;padding-right: 15px !important;padding-left: 15px !important;}&#8221; css_tablet_landscape=&#8221;.vc_custom_1606228210692{padding-top: 100px !important;padding-right: 10px !important;padding-left: 15px !important;}&#8221;]<header class=\"kd-section-title col-lg-12 text-left  subtitle-below-title kd-animated fadeIn   vc_custom_1731587293495\" data-animation-delay=200><h2 class=\"separator_off\" style=\"margin-bottom:30px;\">Llevamos 14 a\u00f1os fabricando hinchables.<\/h2><h6 class=\"subtitle\" style=\"color: #696969;\">Desde 2010, nuestra f\u00e1brica fabrica colchonetas hinchables de tejido de doble pared (DWF), as\u00ed como otras estructuras hinchables de TPU y PVC.<\/h6><\/header><div class=\"key-icon-box icon-default icon-left cont-left ib-no-effect     icon-no-background icon-no-border kd-animated fadeIn\" style=\"background-color: transparent;margin-bottom:40px;\" data-animation-delay=200><div class=\"ib-simple-icon-wrapper\" ><i class=\"iconsmind-Target iconsmind-Seo-Icons\" style=\"font-size: 25px;font-weight: 700;\"><\/i> <\/div><h6 class=\"service-heading\" >Nuestra misi\u00f3n<\/h6><p style=\"font-size: 18px;\">Fabricar una plataforma hinchable multifuncional de calidad y durabilidad superiores.<\/p><\/div><div class=\"key-icon-box icon-default icon-left cont-left ib-no-effect     icon-no-background icon-no-border kd-animated fadeIn\" style=\"background-color: transparent;margin-bottom:40px;\" data-animation-delay=200><div class=\"ib-simple-icon-wrapper\" ><i class=\"iconsmind-Eye-Scan iconsmind-Security\" style=\"font-size: 25px;font-weight: 700;\"><\/i> <\/div><h6 class=\"service-heading\" >Nuestra visi\u00f3n<\/h6><p style=\"font-size: 18px;\">Nuestro objetivo es mejorar tu experiencia de navegaci\u00f3n en el mar. Desde los yates m\u00e1s grandes hasta las embarcaciones de recreo. <\/p><\/div><div class=\"key-icon-box icon-default icon-left cont-left ib-no-effect     icon-no-background icon-no-border kd-animated fadeIn\" style=\"background-color: transparent;\" data-animation-delay=200><div class=\"ib-simple-icon-wrapper\" ><i class=\"iconsmind-People-onCloud iconsmind-Cloud-Class\" style=\"font-size: 25px;font-weight: 700;\"><\/i> <\/div><h6 class=\"service-heading\" >Nuestros valores<\/h6><p style=\"font-size: 18px;\">Innovaci\u00f3n, Calidad, Excelencia. Valores que tenemos presentes en cada producto que sale de nuestra f\u00e1brica. <\/p><\/div>[\/vc_column_inner][\/vc_row_inner][\/vc_column][\/vc_row][vc_row full_width=&#8221;stretch_row&#8221; kd_background_image_position=&#8221;vc_row-bg-position-top&#8221; kd_background_overlay=&#8221;true&#8221;][vc_column][vc_row_inner content_placement=&#8221;middle&#8221; kd_background_image_position=&#8221;vc_row-bg-position-top&#8221; css=&#8221;.vc_custom_1602849411487{padding-top: 100px !important;padding-bottom: 100px !important;}&#8221;][vc_column_inner width=&#8221;2\/3&#8243; css=&#8221;.vc_custom_1606222627527{padding-right: 30px !important;padding-bottom: 10px !important;padding-left: 0px !important;}&#8221; offset=&#8221;vc_col-lg-offset-0 vc_col-lg-6 vc_col-md-offset-2 vc_col-md-8 vc_col-sm-offset-2&#8243; css_tablet_landscape=&#8221;.vc_custom_1606222627528{padding-right: 0px !important;}&#8221; css_tablet_portrait=&#8221;.vc_custom_1606222627528{padding-right: 15px !important;padding-left: 15px !important;}&#8221; css_mobile=&#8221;.vc_custom_1606222627529{padding-right: 15px !important;padding-left: 15px !important;}&#8221;]<header class=\"kd-section-title col-lg-12 text-left  subtitle-below-title kd-animated fadeIn   vc_custom_1731742061965\" data-animation-delay=200><h2 class=\"separator_off\" style=\"margin-bottom:30px;\">Trabajamos con nuestros clientes para<br \/>\nofrecerles soluciones 100% a medida<br \/>\n<\/h2><h6 class=\"subtitle\" style=\"color: #7a7d8c;\">Como cada cliente es diferente, trabajamos estrechamente con \u00e9l para comprender sus necesidades y responder de la mejor manera posible. Como resultado, podemos ofrecer soluciones 100% personalizadas, desde un simple color hasta el desarrollo completo de un proyecto de entretenimiento n\u00e1utico a gran escala.<\/p>\n<p>\u00a1No dudes en contarnos tu proyecto para que juntos podamos convertirlo en un \u00e9xito!<\/h6><\/header><a  href=\"https:\/\/airdockfr.com\/es\/ponte-en-contacto-con\/\"  target=\"_self\"  title=\"\"  class=\"tt_button tt_primary_button btn_primary_color  btn-align-left button-action-link icon_right  kd-animated zoomIn\" data-animation-delay=200><span class=\"prim_text\">Contacta con nosotros<\/span><span class=\"fas fa-chevron-right iconita\" style=\"font-size:12px;\"><\/span><\/a>[\/vc_column_inner][vc_column_inner css=&#8221;.vc_custom_1599050763930{padding-right: 0px !important;padding-left: 100px !important;}&#8221; offset=&#8221;vc_col-lg-6&#8243; css_tablet_landscape=&#8221;.vc_custom_1599050763933{padding-top: 80px !important;padding-right: 15px !important;padding-left: 15px !important;}&#8221; css_tablet_portrait=&#8221;.vc_custom_1599050763934{padding-top: 80px !important;padding-right: 15px !important;padding-left: 15px !important;}&#8221; css_mobile=&#8221;.vc_custom_1599050763935{padding-top: 50px !important;padding-right: 15px !important;padding-left: 15px !important;}&#8221;]<div class=\"video-container play-button-center big-video-btn   kd-animated fadeIn\" data-animation-delay=200><img loading=\"lazy\" decoding=\"async\" width=\"1920\" height=\"1080\" src=\"https:\/\/airdockfr.com\/wp-content\/uploads\/2024\/11\/Image-principale-video-de-presentation-Ponton-gonflable.png\" class=\"attachment-full\" alt=\"\" title=\"Image principale video de pr\u00e9sentation Ponton gonflable\" srcset=\"https:\/\/airdockfr.com\/wp-content\/uploads\/2024\/11\/Image-principale-video-de-presentation-Ponton-gonflable.png 1920w, https:\/\/airdockfr.com\/wp-content\/uploads\/2024\/11\/Image-principale-video-de-presentation-Ponton-gonflable-300x169.png 300w, https:\/\/airdockfr.com\/wp-content\/uploads\/2024\/11\/Image-principale-video-de-presentation-Ponton-gonflable-1024x576.png 1024w, https:\/\/airdockfr.com\/wp-content\/uploads\/2024\/11\/Image-principale-video-de-presentation-Ponton-gonflable-768x432.png 768w, https:\/\/airdockfr.com\/wp-content\/uploads\/2024\/11\/Image-principale-video-de-presentation-Ponton-gonflable-1536x864.png 1536w, https:\/\/airdockfr.com\/wp-content\/uploads\/2024\/11\/Image-principale-video-de-presentation-Ponton-gonflable-800x450.png 800w\" sizes=\"auto, (max-width: 1920px) 100vw, 1920px\" \/><a data-toggle=\"modal\" data-target=\"#video-modal-kd-video-modal-69e19f49ac43a\" data-src=\"\" data-backdrop=\"true\" class=\" \"><span class=\"play-video\"><span class=\"sway-play\"><\/span><\/span><\/a><\/div><div class=\"modal fade video-modal\" id=\"video-modal-kd-video-modal-69e19f49ac43a\" role=\"dialog\">\n                            <div class=\"modal-content\">\n                            <button type=\"button\" class=\"close\" data-dismiss=\"modal\">\u00d7<\/button>\n                            <div class=\"row\"><video class=\"video-modal-local\" title=\"Vid\u00e9o de pr\u00e9sentation AIRDOCKFR.COM\" poster=\"\" height=\"400px\" controls>\n                              <source src=\"https:\/\/airdockfr.com\/wp-content\/uploads\/2024\/11\/AIRDOCKFR.COM-VIDEO-A-PROPOS-DE-NOUS.mp4\" type=\"video\/mp4\"><img decoding=\"async\" alt=\"\" src=\"\" title=\"Video playback is not supported by your browser\" \/>\n                              <\/video><\/div>\n                            <\/div>\n                        <\/div><div class=\"kd-shapes shape_dots with-parallax kd-animated zoomIn\" style=\"right: -76px;bottom: 30px;width: 172px;height: 173px;\" data-parallax-speed=\"0.1\" data-animation-delay=400><\/div>[\/vc_column_inner][\/vc_row_inner][\/vc_column][\/vc_row][vc_row kd_background_image_position=&#8221;vc_row-bg-position-top&#8221; css=&#8221;.vc_custom_1606228577329{padding-top: 110px !important;padding-bottom: 100px !important;}&#8221; css_tablet_landscape=&#8221;.vc_custom_1606228577331{padding-bottom: 80px !important;}&#8221; css_tablet_portrait=&#8221;.vc_custom_1606228577332{padding-bottom: 80px !important;}&#8221; css_mobile=&#8221;.vc_custom_1606228577333{padding-bottom: 80px !important;}&#8221;][vc_column]<header class=\"kd-section-title col-lg-12 text-center  subtitle-below-title kd-animated fadeIn   vc_custom_1731743011886\" data-animation-delay=200><h2 class=\"separator_off\" >Nos apasionan los hinchables<\/h2><h6 class=\"subtitle\" >AIRDOCK France cuenta con m\u00e1s de 14 a\u00f1os de experiencia en la fabricaci\u00f3n de estructuras hinchables. Esta experiencia nos permite ofrecerte productos INNOVADORES y FIABLES para mejorar la experiencia n\u00e1utica a bordo de tu YATE o BARCO. <\/h6><\/header>[vc_row_inner kd_background_image_position=&#8221;vc_row-bg-position-top&#8221; css=&#8221;.vc_custom_1731672539328{padding-top: 60px !important;padding-bottom: 80px !important;}&#8221; css_tablet_portrait=&#8221;.vc_custom_1731672539329{padding-bottom: 90px !important;}&#8221; css_mobile=&#8221;.vc_custom_1731672539329{padding-top: 40px !important;padding-bottom: 70px !important;}&#8221;][vc_column_inner width=&#8221;1\/3&#8243;]<div class=\"kd_counter icon-top kd-animated fadeInUp\" ><div class=\"kd_counter_content\"><h4 class=\"kd_counter_number\"><span class=\"kd_number_string\" style=\"font-weight:400;\" data-from=\"0\" data-to=\"14\" data-number-format=\"1\" data-refresh-interval=\"50\">0<\/span><span class=\"kd_counter_units\" style=\"font-weight:400;\">+<\/span><\/h4><div class=\"kd_counter_text\" style=\"color: #696969;\">A\u00f1os de experiencia en hinchables<\/div><\/div><\/div>[\/vc_column_inner][vc_column_inner width=&#8221;1\/3&#8243;]<div class=\"kd_counter icon-top kd-animated fadeInUp\" data-animation-delay=200><div class=\"kd_counter_content\"><h4 class=\"kd_counter_number\"><span class=\"kd_number_string\" style=\"font-weight:400;\" data-from=\"0\" data-to=\"1000\" data-number-format=\"1\" data-refresh-interval=\"50\">0<\/span><span class=\"kd_counter_units\" style=\"font-weight:400;\">+<\/span><\/h4><div class=\"kd_counter_text\" style=\"color: #696969;\">Hinchables fabricados<\/div><\/div><\/div>[\/vc_column_inner][vc_column_inner width=&#8221;1\/3&#8243;]<div class=\"kd_counter icon-top kd-animated fadeInUp\" data-animation-delay=400><div class=\"kd_counter_content\"><h4 class=\"kd_counter_number\"><span class=\"kd_number_string\" style=\"font-weight:400;\" data-from=\"0\" data-to=\"100\" data-number-format=\"1\" data-refresh-interval=\"50\">0<\/span><span class=\"kd_counter_units\" style=\"font-weight:400;\">%<\/span><\/h4><div class=\"kd_counter_text\" style=\"color: #696969;\">Satisfacci\u00f3n del cliente<\/div><\/div><\/div>[\/vc_column_inner][\/vc_row_inner][vc_row_inner disable_element=&#8221;yes&#8221; kd_background_image_position=&#8221;vc_row-bg-position-top&#8221; css=&#8221;.vc_custom_1731771820124{padding-bottom: 100px !important;}&#8221;][vc_column_inner]<div class=\"slider clients opacity-effect kd-client-69e19f49ac524 black-navigation \"><div class=\"clients-content kd-animated fadeInUp\" ><img loading=\"lazy\" decoding=\"async\" width=\"100\" height=\"100\" src=\"https:\/\/airdockfr.com\/wp-content\/uploads\/2024\/11\/AIRDOCKFR.COM-universite-des-antilles-1.webp\" class=\"attachment-full\" alt=\"\" title=\"AIRDOCKFR.COM universite des antilles\" \/><\/div><div class=\"clients-content kd-animated fadeInUp\" data-animation-delay=200><img loading=\"lazy\" decoding=\"async\" width=\"100\" height=\"100\" src=\"https:\/\/airdockfr.com\/wp-content\/uploads\/2024\/11\/AIRDOCKFR.COM-Le-Palais-Megeve-1.webp\" class=\"attachment-full\" alt=\"\" title=\"AIRDOCKFR.COM Le Palais Megeve\" \/><\/div><div class=\"clients-content kd-animated fadeInUp\" data-animation-delay=400><img loading=\"lazy\" decoding=\"async\" width=\"185\" height=\"100\" src=\"https:\/\/airdockfr.com\/wp-content\/uploads\/2024\/11\/AIRDOCKFR.COM-Aquanor.webp\" class=\"attachment-full\" alt=\"\" title=\"AIRDOCKFR.COM Aquanor\" \/><\/div><div class=\"clients-content kd-animated fadeInUp\" data-animation-delay=600><img loading=\"lazy\" decoding=\"async\" width=\"200\" height=\"100\" src=\"https:\/\/airdockfr.com\/wp-content\/uploads\/2024\/11\/AIRDOCKFR.COM-Vezsonnaz.webp\" class=\"attachment-full\" alt=\"\" title=\"AIRDOCKFR.COM Vezsonnaz\" \/><\/div><div class=\"clients-content kd-animated fadeInUp\" data-animation-delay=800><img loading=\"lazy\" decoding=\"async\" width=\"160\" height=\"100\" src=\"https:\/\/airdockfr.com\/wp-content\/uploads\/2024\/11\/AIRDOCKFR.COM-CenterParcs.webp\" class=\"attachment-full\" alt=\"\" title=\"AIRDOCKFR.COM CenterParcs\" \/><\/div><div class=\"clients-content kd-animated fadeInUp\" data-animation-delay=1000><img loading=\"lazy\" decoding=\"async\" width=\"66\" height=\"100\" src=\"https:\/\/airdockfr.com\/wp-content\/uploads\/2024\/11\/AIRDOCKFR.COM-Ville-de-Meylan.webp\" class=\"attachment-full\" alt=\"\" title=\"AIRDOCKFR.COM Ville de Meylan\" \/><\/div><div class=\"clients-content \" ><img decoding=\"async\" src=\"https:\/\/www.swaytheme.com\/wp-content\/uploads\/sites\/3\/2020\/11\/client-blue3.png\"  alt=\"\" \/><\/div><\/div><script>\r\n              jQuery(document).ready(function($){\r\n                if ($(\".slider.clients.kd-client-69e19f49ac524\").length) {\r\n                  $(\".slider.clients.kd-client-69e19f49ac524\").owlCarousel({\r\n                    stageClass: \"owl-wrapper\",\r\n                    stageOuterClass: \"owl-wrapper-outer\",\r\n                    loadedClass: \"owl-carousel\",\r\n                    responsiveClass:true,\r\n                    responsive:{\r\n                      0:{\r\n                          items:2,nav: true,\r\n                            navSpeed: 500,\r\n                            dots: false,},\r\n                      415:{\r\n                          items:3,nav: true,\r\n                            navSpeed: 500,\r\n                            dots: false,},\r\n                      960:{\r\n                          items:6,nav: true,\r\n                              navSpeed: 300,\r\n                              dots: false,}\r\n                    },loop: true,\r\n                  });\r\n                }\r\n              });\r\n            <\/script>[\/vc_column_inner][\/vc_row_inner][\/vc_column][\/vc_row][vc_row full_width=&#8221;stretch_row&#8221; kd_background_image_position=&#8221;vc_row-bg-position-top&#8221; kd_background_overlay=&#8221;true&#8221;][vc_column][vc_row_inner content_placement=&#8221;middle&#8221; kd_background_image_position=&#8221;vc_row-bg-position-top&#8221; css=&#8221;.vc_custom_1602849411487{padding-top: 100px !important;padding-bottom: 100px !important;}&#8221;][vc_column_inner width=&#8221;2\/3&#8243; css=&#8221;.vc_custom_1606222627527{padding-right: 30px !important;padding-bottom: 10px !important;padding-left: 0px !important;}&#8221; offset=&#8221;vc_col-lg-offset-0 vc_col-lg-6 vc_col-md-offset-2 vc_col-md-8 vc_col-sm-offset-2&#8243; css_tablet_landscape=&#8221;.vc_custom_1606222627528{padding-right: 0px !important;}&#8221; css_tablet_portrait=&#8221;.vc_custom_1606222627528{padding-right: 15px !important;padding-left: 15px !important;}&#8221; css_mobile=&#8221;.vc_custom_1606222627529{padding-right: 15px !important;padding-left: 15px !important;}&#8221;]<div class=\"kd-photobox kd-animated fadeIn \" data-animation-delay=200><div class=\"photobox-img\"><img loading=\"lazy\" decoding=\"async\" width=\"750\" height=\"474\" src=\"https:\/\/airdockfr.com\/wp-content\/uploads\/2024\/11\/DWF-2.webp\" class=\"attachment-full\" alt=\"\" title=\"DWF\" srcset=\"https:\/\/airdockfr.com\/wp-content\/uploads\/2024\/11\/DWF-2.webp 750w, https:\/\/airdockfr.com\/wp-content\/uploads\/2024\/11\/DWF-2-300x190.webp 300w\" sizes=\"auto, (max-width: 750px) 100vw, 750px\" \/><\/div><div class=\"phb-content text-left \">\n                  <h5 ><\/h5>\n                  <p ><\/p><\/div><\/div>[\/vc_column_inner][vc_column_inner css=&#8221;.vc_custom_1599050763930{padding-right: 0px !important;padding-left: 100px !important;}&#8221; offset=&#8221;vc_col-lg-6&#8243; css_tablet_landscape=&#8221;.vc_custom_1599050763933{padding-top: 80px !important;padding-right: 15px !important;padding-left: 15px !important;}&#8221; css_tablet_portrait=&#8221;.vc_custom_1599050763934{padding-top: 80px !important;padding-right: 15px !important;padding-left: 15px !important;}&#8221; css_mobile=&#8221;.vc_custom_1599050763935{padding-top: 50px !important;padding-right: 15px !important;padding-left: 15px !important;}&#8221;]<header class=\"kd-section-title col-lg-12 text-left  subtitle-below-title kd-animated fadeIn   vc_custom_1731833625596\" data-animation-delay=200><h2 class=\"separator_off\" style=\"margin-bottom:30px;\">Descubre c\u00f3mo se fabrican nuestros Pontones Hinchables...<\/h2><h6 class=\"subtitle\" >Nuestros pantalanes AIRDOCK est\u00e1n fabricados con DWF procedente de Alemania, al que a\u00f1adimos una capa de PVC anti-UV y una capa de EVA para darle el aspecto, el tacto y el agarre TEAK.<\/h6><\/header>[\/vc_column_inner][\/vc_row_inner][\/vc_column][\/vc_row][vc_row full_width=&#8221;stretch_row&#8221; content_placement=&#8221;middle&#8221; parallax=&#8221;content-moving&#8221; parallax_speed_bg=&#8221;1.4&#8243; kd_background_image_position=&#8221;vc_row-bg-position-top&#8221; kd_background_overlay=&#8221;true&#8221; css=&#8221;.vc_custom_1731834045944{padding-top: 150px !important;padding-bottom: 150px !important;background-image: url(https:\/\/airdockfr.com\/wp-content\/uploads\/2024\/11\/BANNIERE-CONTACT-AIRDOCKFR.COM_-1.webp?id=9986) !important;background-position: center;background-repeat: no-repeat !important;background-size: cover !important;}&#8221;][vc_column][vc_row_inner kd_background_image_position=&#8221;vc_row-bg-position-top&#8221;][vc_column_inner]<header class=\"kd-section-title col-lg-12 text-center  subtitle-above-title kd-animated fadeIn   vc_custom_1731834109351\" data-animation-delay=200><h2 class=\"separator_off\" style=\"color: #ffffff;font-size: 38px;\">Ponte en contacto con nuestro equipo en<br \/>\npara hablar de tus proyectos y ambiciones.<\/h2><\/header><a  href=\"https:\/\/airdockfr.com\/es\/ponte-en-contacto-con\/\"  target=\"_self\"  title=\"\"  class=\"tt_button tt_primary_button btn_secondary_color hover_solid_white button-center button-action-link icon_right  kd-animated zoomIn\" data-animation-delay=200><span class=\"prim_text\">Habla con nosotros<\/span><span class=\"fas fa-chevron-right iconita\" style=\"font-size:12px;\"><\/span><\/a>[\/vc_column_inner][\/vc_row_inner][\/vc_column][\/vc_row]<\/p>\n<\/div>","protected":false},"excerpt":{"rendered":"<p>[vc_row kd_background_image_position=&#8221;vc_row-bg-position-top&#8221;][vc_column][vc_row_inner kd_background_image_position=&#8221;vc_row-bg-position-top&#8221; css=&#8221;.vc_custom_1606228443871{padding-top: 120px !important;padding-bottom: 110px !important;}&#8221; css_tablet_portrait=&#8221;.vc_custom_1606228443873{padding-top: 100px !important;}&#8221; css_mobile=&#8221;.vc_custom_1606228443874{padding-top: 100px !important;}&#8221;][vc_column_inner css=&#8221;.vc_custom_1598626887631{padding-right: 30px !important;padding-left: 0px !important;}&#8221; offset=&#8221;vc_col-lg-offset-0 [&hellip;]<\/p>\n","protected":false},"author":1,"featured_media":10510,"parent":0,"menu_order":0,"comment_status":"closed","ping_status":"closed","template":"","meta":{"footnotes":""},"class_list":["post-10635","page","type-page","status-publish","has-post-thumbnail","hentry"],"_links":{"self":[{"href":"https:\/\/airdockfr.com\/es\/wp-json\/wp\/v2\/pages\/10635","targetHints":{"allow":["GET"]}}],"collection":[{"href":"https:\/\/airdockfr.com\/es\/wp-json\/wp\/v2\/pages"}],"about":[{"href":"https:\/\/airdockfr.com\/es\/wp-json\/wp\/v2\/types\/page"}],"author":[{"embeddable":true,"href":"https:\/\/airdockfr.com\/es\/wp-json\/wp\/v2\/users\/1"}],"replies":[{"embeddable":true,"href":"https:\/\/airdockfr.com\/es\/wp-json\/wp\/v2\/comments?post=10635"}],"version-history":[{"count":2,"href":"https:\/\/airdockfr.com\/es\/wp-json\/wp\/v2\/pages\/10635\/revisions"}],"predecessor-version":[{"id":10650,"href":"https:\/\/airdockfr.com\/es\/wp-json\/wp\/v2\/pages\/10635\/revisions\/10650"}],"wp:featuredmedia":[{"embeddable":true,"href":"https:\/\/airdockfr.com\/es\/wp-json\/wp\/v2\/media\/10510"}],"wp:attachment":[{"href":"https:\/\/airdockfr.com\/es\/wp-json\/wp\/v2\/media?parent=10635"}],"curies":[{"name":"wp","href":"https:\/\/api.w.org\/{rel}","templated":true}]}}