
{"id":10778,"date":"2021-09-17T09:53:21","date_gmt":"2021-09-17T09:53:21","guid":{"rendered":"https:\/\/airdockfr.com\/preguntas-mas-frecuentes\/"},"modified":"2025-05-15T07:56:04","modified_gmt":"2025-05-15T07:56:04","slug":"preguntas-mas-frecuentes","status":"publish","type":"page","link":"https:\/\/airdockfr.com\/es\/preguntas-mas-frecuentes\/","title":{"rendered":"Preguntas m\u00e1s frecuentes"},"content":{"rendered":"<div class=\"wpb-content-wrapper\"><p>[vc_row kd_background_image_position=&#8221;vc_row-bg-position-top&#8221; el_class=&#8221;zindex with-shadow overflow-hidden&#8221; css=&#8221;.vc_custom_1631199104404{margin-top: -200px !important;margin-right: 15px !important;margin-bottom: 120px !important;margin-left: 15px !important;padding-top: 40px !important;padding-bottom: 40px !important;background-color: #ffffff !important;border-radius: 10px !important;}&#8221; css_tablet_landscape=&#8221;.vc_custom_1631199104404{margin-top: -200px !important;}&#8221; css_tablet_portrait=&#8221;.vc_custom_1631199104404{margin-top: 30px !important;}&#8221; css_mobile=&#8221;.vc_custom_1631199104405{margin-top: 30px !important;}&#8221;][vc_column][vc_row_inner kd_background_image_position=&#8221;vc_row-bg-position-top&#8221; css=&#8221;.vc_custom_1631199234591{padding-bottom: 24px !important;border-radius: 10px !important;}&#8221;][vc_column_inner css=&#8221;.vc_custom_1731857845911{padding-top: 60px !important;padding-right: 45px !important;background-position: center !important;background-repeat: no-repeat !important;background-size: cover !important;}&#8221; offset=&#8221;vc_col-lg-12&#8243; css_tablet_portrait=&#8221;.vc_custom_1731857845911{padding-top: 0px !important;padding-right: 0px !important;padding-left: 0px !important;}&#8221; css_mobile=&#8221;.vc_custom_1731857845911{padding-top: 0px !important;padding-right: 0px !important;padding-left: 0px !important;}&#8221;][vc_toggle title=&#8221;1. \u00bfCu\u00e1nto tardar\u00e9 en recibir mi pantal\u00e1n hinchable AIRDOCK France?&#8221; open=&#8221;true&#8221; css_animation=&#8221;fadeIn&#8221;]Los plazos de entrega var\u00edan en funci\u00f3n de tu ubicaci\u00f3n y del m\u00e9todo de entrega que elijas. Por lo general, recibir\u00e1s tu pedido en un plazo de 4 a 6 semanas a partir del env\u00edo.[\/vc_toggle][vc_toggle title=&#8221;2. \u00bfC\u00f3mo se fabrican tus productos hinchables flotantes AIRDOCK?&#8221; css_animation=&#8221;fadeIn&#8221;]Nuestros pontones hinchables est\u00e1n fabricados con materiales de alta calidad, como el PVC Drop Stitch, una tecnolog\u00eda robusta y duradera que garantiza la rigidez y la flotabilidad.[\/vc_toggle][vc_toggle title=&#8221;3. \u00bfQu\u00e9 garant\u00eda de producto ofrec\u00e9is?&#8221; css_animation=&#8221;fadeIn&#8221;]Ofrecemos una garant\u00eda de 2 a\u00f1os contra defectos de fabricaci\u00f3n, que cubre los materiales y la estructura. No se incluyen los da\u00f1os causados por un mal uso o un mantenimiento inadecuado.[\/vc_toggle][vc_toggle title=&#8221;4. \u00bfCu\u00e1nto tiempo se tarda en inflar una plataforma flotante AIRDOCK?&#8221; css_animation=&#8221;fadeIn&#8221;]Con una bomba el\u00e9ctrica, el inflado tarda entre 5 y 10 minutos, dependiendo del tama\u00f1o del pont\u00f3n.[\/vc_toggle][vc_toggle title=&#8221;5. \u00bfPuedo pasear a mi perro en un pont\u00f3n hinchable?&#8221; css_animation=&#8221;fadeIn&#8221;]S\u00ed, nuestros pontones est\u00e1n dise\u00f1ados para resistir las garras de los perros. Sin embargo, te aconsejamos que limes las u\u00f1as de tu mascota para no da\u00f1ar la superficie.[\/vc_toggle][vc_toggle title=&#8221;6. \u00bfQu\u00e9 tama\u00f1o tendr\u00e1 mi pont\u00f3n hinchable cuando est\u00e9 deshinchado? 7. \u00bfPuedo transportarlo en mi coche? &#8221; css_animation=&#8221;fadeIn&#8221;]Una vez desinflado y plegado, el pont\u00f3n tiene unas dimensiones compactas (por ejemplo, X cm x Y cm x Z cm, seg\u00fan el modelo) y se puede transportar f\u00e1cilmente en el maletero de un coche.[\/vc_toggle][vc_toggle title=&#8221;7. \u00bfCu\u00e1l es la presi\u00f3n ideal para mi pantal\u00e1n hinchable AIRDOCK France?&#8221; css_animation=&#8221;fadeIn&#8221;]La presi\u00f3n recomendada es de 12-15 psi. Esto garantiza una rigidez \u00f3ptima para un uso seguro.[\/vc_toggle][vc_toggle title=&#8221;8. \u00bfVend\u00e9is pantalanes flotantes de segunda mano?  &#8221; css_animation=&#8221;fadeIn&#8221;]Actualmente no ofrecemos productos de segunda mano. Todos nuestros pontones son nuevos y se inspeccionan antes del env\u00edo. [\/vc_toggle][vc_toggle title=&#8221;9. \u00bfC\u00f3mo guardo mis pontones hinchables flotantes? \u00bfC\u00f3mo los pliego? &#8221; css_animation=&#8221;fadeIn&#8221;]Aseg\u00farate de que el pont\u00f3n est\u00e1 seco y limpio antes de desinflarlo. D\u00f3blalo con cuidado siguiendo las instrucciones del manual para evitar arrugas excesivas. Gu\u00e1rdalo en un lugar fresco y seco, alejado de la luz solar directa.[\/vc_toggle][vc_toggle title=&#8221;10. \u00bfQu\u00e9 accesorios se incluyen en mi pedido?&#8221; css_animation=&#8221;fadeIn&#8221;]Cada pedido incluye una bolsa de transporte, una bomba de inflado, un kit de reparaci\u00f3n y anillas de fijaci\u00f3n.[\/vc_toggle][vc_toggle title=&#8221;11. \u00bfCu\u00e1nto pesan los pontones hinchables AIRDOCK France?&#8221; css_animation=&#8221;fadeIn&#8221;]El peso var\u00eda de un modelo a otro. Por ejemplo, un pont\u00f3n de tama\u00f1o medio pesa unos X kg.[\/vc_toggle][vc_toggle title=&#8221;12. \u00bfCu\u00e1ntas personas pueden caminar al mismo tiempo sobre una plataforma flotante?&#8221; css_animation=&#8221;fadeIn&#8221;]Esto depende del tama\u00f1o y del modelo. Por ejemplo, una plataforma de tama\u00f1o medio puede soportar hasta X personas (o X kg).[\/vc_toggle][vc_toggle title=&#8221;13. \u00bfPuedo ponerme en contacto contigo por tel\u00e9fono?&#8221; css_animation=&#8221;fadeIn&#8221;]S\u00ed, puedes ponerte en contacto con nuestro equipo de atenci\u00f3n al cliente llamando al 07 67 52 34 88. Tambi\u00e9n puedes ponerte en contacto con nosotros por correo electr\u00f3nico o a trav\u00e9s de nuestro formulario en l\u00ednea.[\/vc_toggle][vc_toggle title=&#8221;14. \u00bfC\u00f3mo mantienes tus productos hinchables?&#8221; css_animation=&#8221;fadeIn&#8221;]Limpia tu pont\u00f3n regularmente con agua dulce y jab\u00f3n suave. Evita los productos abrasivos y gu\u00e1rdalo en un lugar seco y alejado de la luz ultravioleta cuando no lo utilices. Para m\u00e1s informaci\u00f3n: <a href=\"https:\/\/airdockfr.com\/es\/mantener-y-prolongar-la-durabilidad-de-los-pontones-hinchables-para-yates-una-guia-completa\/\">https:\/\/airdockfr.com\/entretenir-et-prolonger-la-durabilite-des-pontons-gonflables-pour-yacht-guide-complet\/<\/a>[\/vc_toggle][vc_toggle title=&#8221;15. Tengo una necesidad espec\u00edfica de un producto hinchable, \u00bfpuedo ponerme en contacto con vosotros?&#8221; css_animation=&#8221;fadeIn&#8221;]S\u00ed, ofrecemos soluciones personalizadas para satisfacer tus necesidades espec\u00edficas. <a href=\"https:\/\/airdockfr.com\/es\/ponte-en-contacto-con\/\">Ponte en contacto con nosotros<\/a> para hablar de tu proyecto. Tambi\u00e9n puedes obtener m\u00e1s informaci\u00f3n en esta p\u00e1gina: https:\/\/airdockfr.com\/structures-sur-mesure-airdock\/[\/vc_toggle][vc_toggle title=&#8221;16. \u00bfPuedo personalizar mi pantal\u00e1n hinchable AIRDOCK?&#8221; css_animation=&#8221;fadeIn&#8221;]S\u00ed, ofrecemos opciones de personalizaci\u00f3n, como dimensiones espec\u00edficas, colores o la adici\u00f3n de logotipos. <a href=\"https:\/\/airdockfr.com\/es\/ponte-en-contacto-con\/\">Ponte en contacto con nuestro equipo<\/a> para obtener m\u00e1s informaci\u00f3n.[\/vc_toggle][\/vc_column_inner][\/vc_row_inner][vc_separator color=&#8221;custom&#8221; accent_color=&#8221;#e7e7e7&#8243; css=&#8221;.vc_custom_1627977601689{padding-right: 45px !important;padding-left: 45px !important;}&#8221;][vc_row_inner disable_element=&#8221;yes&#8221; kd_background_image_position=&#8221;vc_row-bg-position-top&#8221; css=&#8221;.vc_custom_1731857832875{padding-bottom: 24px !important;border-radius: 10px !important;}&#8221;][vc_column_inner css=&#8221;.vc_custom_1627977456891{padding-top: 55px !important;padding-right: 40px !important;padding-left: 45px !important;}&#8221; offset=&#8221;vc_col-lg-offset-0 vc_col-lg-6 vc_col-md-offset-0 vc_col-md-12 vc_col-sm-offset-0&#8243; css_tablet_portrait=&#8221;.vc_custom_1627977456892{padding-right: 30px !important;padding-left: 30px !important;}&#8221; css_mobile=&#8221;.vc_custom_1627977456892{padding-right: 30px !important;padding-left: 30px !important;}&#8221;]<header class=\"kd-section-title col-lg-12 text-left  subtitle-below-title kd-animated fadeIn  \" data-animation-delay=200><h3 class=\"separator_off\" >Licencias normales y ampliadas<\/h3><h6 class=\"subtitle\" style=\"font-size:16px;\">Lorem ipsum dolor sit amet, consectetur adipiscing elit, sed do eiusmod tempor incididunt ut labore et dolore aliqua.<\/h6><\/header>[\/vc_column_inner][vc_column_inner css=&#8221;.vc_custom_1631199305069{padding-top: 60px !important;padding-right: 45px !important;background-position: center !important;background-repeat: no-repeat !important;background-size: cover !important;}&#8221; offset=&#8221;vc_col-lg-6&#8243; css_tablet_portrait=&#8221;.vc_custom_1631199305069{padding-top: 0px !important;padding-right: 0px !important;padding-left: 0px !important;}&#8221; css_mobile=&#8221;.vc_custom_1631199305069{padding-top: 0px !important;padding-right: 0px !important;padding-left: 0px !important;}&#8221;][vc_toggle title=&#8221;1. \u00bfQu\u00e9 significa libre de derechos?&#8221; css_animation=&#8221;fadeIn&#8221;]S\u00ed. Una compra de Sway te permite utilizar el tema en un sitio terminado. Si necesitas utilizarlo en un segundo sitio, deber\u00e1s comprar una segunda licencia.[\/vc_toggle][vc_toggle title=&#8221;2. \u00bfQu\u00e9 significa no exclusivo?&#8221; css_animation=&#8221;fadeIn&#8221;]S\u00ed, puedes hacerlo. Puedes mantener el tema en un sitio de prueba para construirlo, y luego moverlo al sitio activo una vez que hayas terminado.  S\u00ed, puedes hacerlo. Puedes mantener el tema en un sitio de prueba para construirlo, y luego moverlo al sitio activo una vez que hayas terminado.[\/vc_toggle][vc_toggle title=&#8221;3. \u00bfQu\u00e9 entiendes por art\u00edculo y producto final?&#8221; css_animation=&#8221;fadeIn&#8221;]Seg\u00fan las normas de licencia establecidas por Envato, esto no est\u00e1 permitido. Si se instala en dos lugares de forma permanente, entonces requiere dos licencias.[\/vc_toggle][vc_toggle title=&#8221;4. \u00bfQu\u00e9 es una solicitud \u00fanica?&#8221; css_animation=&#8221;fadeIn&#8221;]Si vas a utilizar el art\u00edculo en un dominio o en varios subdominios, s\u00f3lo necesitar\u00e1s una Licencia normal. Sin embargo, si vas a utilizar el art\u00edculo en varios dominios, tendr\u00e1s que adquirir una Licencia normal para cada dominio.[\/vc_toggle][\/vc_column_inner][\/vc_row_inner][vc_separator color=&#8221;custom&#8221; accent_color=&#8221;#e7e7e7&#8243; css=&#8221;.vc_custom_1627977601689{padding-right: 45px !important;padding-left: 45px !important;}&#8221;][vc_separator color=&#8221;custom&#8221; accent_color=&#8221;#e7e7e7&#8243; css=&#8221;.vc_custom_1627977601689{padding-right: 45px !important;padding-left: 45px !important;}&#8221;][\/vc_column][\/vc_row][vc_row disable_element=&#8221;yes&#8221; kd_background_image_position=&#8221;vc_row-bg-position-top&#8221; css=&#8221;.vc_custom_1731857815849{margin-top: 20px !important;padding-bottom: 20px !important;}&#8221;][vc_column css=&#8221;.vc_custom_1627978082804{padding-right: 0px !important;padding-left: 0px !important;}&#8221; css_tablet_landscape=&#8221;.vc_custom_1627978082804{margin-top: 50px !important;}&#8221; css_tablet_portrait=&#8221;.vc_custom_1627978082804{margin-top: -60px !important;}&#8221; css_mobile=&#8221;.vc_custom_1627978082805{margin-top: -90px !important;}&#8221;][vc_row_inner kd_background_image_position=&#8221;vc_row-bg-position-top&#8221; css=&#8221;.vc_custom_1627978063259{padding-top: 0px !important;}&#8221;][vc_column_inner width=&#8221;1\/4&#8243; offset=&#8221;vc_col-lg-3 vc_col-md-6&#8243;]<div class=\"cb-container  content-center   kd-animated fadeInUp\" data-animation-delay=200><div class=\"cb-wrapper\" style=\"background-color: #fff;\"><div class=\"cb-img-area\"><i class=\"iconsmind-Support iconsmind-User-Interface\" style=\"font-size: 40px; \"><\/i> <\/div><div class=\"cb-text-area\"><h4 class=\"cb-heading\" >Ayuda y soporte<\/h4><p >Resuelve cualquier problema con la ayuda de nuestros expertos.<\/p><a class=\"cb-simple-link\" href=\"https:\/\/keydesign.ticksy.com\/\" target=\"_blank\" rel=\"noopener\">Get Support<\/a><\/div><\/div><\/div>[\/vc_column_inner][vc_column_inner width=&#8221;1\/4&#8243; offset=&#8221;vc_col-lg-3 vc_col-md-6&#8243;]<div class=\"cb-container  content-center   kd-animated fadeInUp\" data-animation-delay=400><div class=\"cb-wrapper\" style=\"background-color: #fff;\"><div class=\"cb-img-area\"><i class=\"iconsmind-Open-Book iconsmind-Education\" style=\"font-size: 40px; \"><\/i> <\/div><div class=\"cb-text-area\"><h4 class=\"cb-heading\" >Documentaci\u00f3n<\/h4><p >Informaci\u00f3n \u00fatil sobre configuraci\u00f3n, funciones y opciones.<\/p><a class=\"cb-simple-link\" href=\"https:\/\/www.swaytheme.com\/documentation\/\" target=\"_blank\" rel=\"noopener\">Read Documentation<\/a><\/div><\/div><\/div>[\/vc_column_inner][vc_column_inner width=&#8221;1\/4&#8243; offset=&#8221;vc_col-lg-3 vc_col-md-6&#8243;]<div class=\"cb-container  content-center   kd-animated fadeInUp\" data-animation-delay=600><div class=\"cb-wrapper\" style=\"background-color: #fff;\"><div class=\"cb-img-area\"><i class=\"iconsmind-Video-5 iconsmind-Video-Class\" style=\"font-size: 40px; \"><\/i> <\/div><div class=\"cb-text-area\"><h4 class=\"cb-heading\" >Videotutoriales<\/h4><p >Aprende a utilizar el tema con tutoriales en v\u00eddeo.<\/p><a class=\"cb-simple-link\" href=\"https:\/\/www.youtube.com\/watch?v=xxFGIftx2ns&amp;list=PLKM37Brx2eGA7BtA3O6R3HJOBXt9S3S50\" target=\"_blank\" rel=\"noopener\">Watch Tutorials<\/a><\/div><\/div><\/div>[\/vc_column_inner][vc_column_inner width=&#8221;1\/4&#8243; offset=&#8221;vc_col-lg-3 vc_col-md-6&#8243;]<div class=\"cb-container  content-center   kd-animated fadeInUp\" data-animation-delay=800><div class=\"cb-wrapper\" style=\"background-color: #fff;\"><div class=\"cb-img-area\"><i class=\"iconsmind-MaleFemale iconsmind-People\" style=\"font-size: 40px; \"><\/i> <\/div><div class=\"cb-text-area\"><h4 class=\"cb-heading\" >Comunidad de usuarios<\/h4><p >Forma parte de nuestra comunidad e inf\u00f3rmate.<\/p><a class=\"cb-simple-link\" href=\"https:\/\/www.facebook.com\/groups\/354058971888447\/\" target=\"_blank\" rel=\"noopener\">Join Community<\/a><\/div><\/div><\/div>[\/vc_column_inner][\/vc_row_inner][\/vc_column][\/vc_row][vc_row full_width=&#8221;stretch_row&#8221; kd_background_image_position=&#8221;vc_row-bg-position-top&#8221; css=&#8221;.vc_custom_1631199373559{padding-top: 60px !important;padding-bottom: 70px !important;}&#8221; css_tablet_portrait=&#8221;.vc_custom_1631199373560{padding-top: 50px !important;padding-bottom: 50px !important;}&#8221; css_mobile=&#8221;.vc_custom_1631199373560{padding-top: 50px !important;padding-bottom: 50px !important;}&#8221;][vc_column][vc_row_inner kd_background_image_position=&#8221;vc_row-bg-position-top&#8221;][vc_column_inner]<div data-speed=\"3000\" class=\"kd-text-rotator kd-rotatorid-69e19de8b16d4 text-center \"><h2 class=\"kd-text-rotator-container slide\" style=\"\">Have a new project in mind? <span class=\"kd-rotator-wrapper\"><span class=\"rotator-single is-visible\">Comienza today<\/span><span class=\"rotator-single \">Join us<\/span><span class=\"rotator-single \">Vamos talk<\/span><\/span><\/h2><\/div><header class=\"kd-section-title col-lg-12 text-center  subtitle-below-title kd-animated fadeIn   vc_custom_1627978479300\" data-animation-delay=200><h6 class=\"subtitle\" >Somos una agencia digital que traduce tu negocio en una estrategia global y orientada.<br \/>\nConcierta una cita con nosotros para hablar de tus objetivos y necesidades.<\/h6><\/header><a  href=\"#\"  target=\"_self\"  title=\"\"  class=\"tt_button tt_primary_button btn_primary_color  button-center button-action-link   kd-animated zoomIn add-margin-right\" data-animation-delay=200><span class=\"prim_text\">Contacta con nosotros<\/span><\/a>[\/vc_column_inner][\/vc_row_inner][\/vc_column][\/vc_row]<\/p>\n<\/div>","protected":false},"excerpt":{"rendered":"<p>[vc_row kd_background_image_position=&#8221;vc_row-bg-position-top&#8221; el_class=&#8221;zindex with-shadow overflow-hidden&#8221; css=&#8221;.vc_custom_1631199104404{margin-top: -200px !important;margin-right: 15px !important;margin-bottom: 120px !important;margin-left: 15px !important;padding-top: 40px !important;padding-bottom: 40px !important;background-color: #ffffff !important;border-radius: [&hellip;]<\/p>\n","protected":false},"author":1,"featured_media":10258,"parent":0,"menu_order":0,"comment_status":"closed","ping_status":"closed","template":"","meta":{"footnotes":""},"class_list":["post-10778","page","type-page","status-publish","has-post-thumbnail","hentry"],"_links":{"self":[{"href":"https:\/\/airdockfr.com\/es\/wp-json\/wp\/v2\/pages\/10778","targetHints":{"allow":["GET"]}}],"collection":[{"href":"https:\/\/airdockfr.com\/es\/wp-json\/wp\/v2\/pages"}],"about":[{"href":"https:\/\/airdockfr.com\/es\/wp-json\/wp\/v2\/types\/page"}],"author":[{"embeddable":true,"href":"https:\/\/airdockfr.com\/es\/wp-json\/wp\/v2\/users\/1"}],"replies":[{"embeddable":true,"href":"https:\/\/airdockfr.com\/es\/wp-json\/wp\/v2\/comments?post=10778"}],"version-history":[{"count":1,"href":"https:\/\/airdockfr.com\/es\/wp-json\/wp\/v2\/pages\/10778\/revisions"}],"predecessor-version":[{"id":10784,"href":"https:\/\/airdockfr.com\/es\/wp-json\/wp\/v2\/pages\/10778\/revisions\/10784"}],"wp:featuredmedia":[{"embeddable":true,"href":"https:\/\/airdockfr.com\/es\/wp-json\/wp\/v2\/media\/10258"}],"wp:attachment":[{"href":"https:\/\/airdockfr.com\/es\/wp-json\/wp\/v2\/media?parent=10778"}],"curies":[{"name":"wp","href":"https:\/\/api.w.org\/{rel}","templated":true}]}}