
{"id":10808,"date":"2024-01-25T09:54:10","date_gmt":"2024-01-25T09:54:10","guid":{"rendered":"https:\/\/airdockfr.com\/estructuras-airdock-a-medida\/"},"modified":"2025-05-15T07:57:29","modified_gmt":"2025-05-15T07:57:29","slug":"estructuras-airdock-a-medida","status":"publish","type":"page","link":"https:\/\/airdockfr.com\/es\/estructuras-airdock-a-medida\/","title":{"rendered":"Estructuras Airdock a medida"},"content":{"rendered":"<div class=\"wpb-content-wrapper\"><p>[vc_row full_width=&#8221;stretch_row&#8221; content_placement=&#8221;middle&#8221; kd_background_image_position=&#8221;vc_row-bg-position-top&#8221; kd_background_overlay=&#8221;true&#8221; css=&#8221;.vc_custom_1604046877537{margin-bottom: -140px !important;background-color: #f7f4fb !important;}&#8221;][vc_column][vc_row_inner kd_background_image_position=&#8221;vc_row-bg-position-top&#8221; css=&#8221;.vc_custom_1605267718279{padding-top: 120px !important;padding-bottom: 220px !important;}&#8221; css_tablet_portrait=&#8221;.vc_custom_1605267718280{padding-top: 100px !important;}&#8221; css_mobile=&#8221;.vc_custom_1605267718281{padding-top: 100px !important;}&#8221;][vc_column_inner css=&#8221;.vc_custom_1605267950051{padding-right: 0px !important;padding-left: 0px !important;}&#8221; offset=&#8221;vc_col-lg-offset-0 vc_col-lg-6 vc_col-md-offset-0 vc_col-md-12 vc_hidden-md vc_col-sm-offset-0 vc_col-xs-12&#8243; css_tablet_landscape=&#8221;.vc_custom_1605267950051{padding-right: 0px !important;padding-bottom: 80px !important;}&#8221; css_tablet_portrait=&#8221;.vc_custom_1605267950052{padding-right: 0px !important;padding-bottom: 80px !important;}&#8221; css_mobile=&#8221;.vc_custom_1605267950052{padding-right: 0px !important;padding-bottom: 50px !important;}&#8221;]<div class=\"photo-gallery-wrapper  slider-layout kd-photo-gallery-69e19f4b62b4c nav-arrows-dots\">\r\n              <div class=\"gallery-items\"><div class=\"pg-child-image\" ><a href=https:\/\/airdockfr.com\/wp-content\/uploads\/2024\/01\/AIRDOCKFR.COM-structures-sur-mesure-Rectangle-slide.webp data-size=\"570x420\"  ><img loading=\"lazy\" decoding=\"async\" width=\"570\" height=\"420\" src=\"https:\/\/airdockfr.com\/wp-content\/uploads\/2024\/01\/AIRDOCKFR.COM-structures-sur-mesure-Rectangle-slide.webp\" class=\"attachment-full\" alt=\"\" title=\"AIRDOCKFR.COM - structures sur mesure - Rectangle slide\" srcset=\"https:\/\/airdockfr.com\/wp-content\/uploads\/2024\/01\/AIRDOCKFR.COM-structures-sur-mesure-Rectangle-slide.webp 570w, https:\/\/airdockfr.com\/wp-content\/uploads\/2024\/01\/AIRDOCKFR.COM-structures-sur-mesure-Rectangle-slide-300x221.webp 300w\" sizes=\"auto, (max-width: 570px) 100vw, 570px\" \/><\/a><\/div><div class=\"pg-child-image\" ><a href=https:\/\/airdockfr.com\/wp-content\/uploads\/2024\/01\/AIRDOCKFR.COM-structures-sur-mesure-Rectangle-piscine.webp data-size=\"570x420\"  ><img loading=\"lazy\" decoding=\"async\" width=\"570\" height=\"420\" src=\"https:\/\/airdockfr.com\/wp-content\/uploads\/2024\/01\/AIRDOCKFR.COM-structures-sur-mesure-Rectangle-piscine.webp\" class=\"attachment-full\" alt=\"\" title=\"AIRDOCKFR.COM - structures sur mesure - Rectangle piscine\" srcset=\"https:\/\/airdockfr.com\/wp-content\/uploads\/2024\/01\/AIRDOCKFR.COM-structures-sur-mesure-Rectangle-piscine.webp 570w, https:\/\/airdockfr.com\/wp-content\/uploads\/2024\/01\/AIRDOCKFR.COM-structures-sur-mesure-Rectangle-piscine-300x221.webp 300w\" sizes=\"auto, (max-width: 570px) 100vw, 570px\" \/><\/a><\/div><div class=\"pg-child-image\" ><a href=https:\/\/airdockfr.com\/wp-content\/uploads\/2024\/01\/AIRDOCKFR.COM-structures-sur-mesure-Rectangle-mur-escalade.webp data-size=\"570x420\"  ><img loading=\"lazy\" decoding=\"async\" width=\"570\" height=\"420\" src=\"https:\/\/airdockfr.com\/wp-content\/uploads\/2024\/01\/AIRDOCKFR.COM-structures-sur-mesure-Rectangle-mur-escalade.webp\" class=\"attachment-full\" alt=\"\" title=\"AIRDOCKFR.COM - structures sur mesure - Rectangle mur escalade\" srcset=\"https:\/\/airdockfr.com\/wp-content\/uploads\/2024\/01\/AIRDOCKFR.COM-structures-sur-mesure-Rectangle-mur-escalade.webp 570w, https:\/\/airdockfr.com\/wp-content\/uploads\/2024\/01\/AIRDOCKFR.COM-structures-sur-mesure-Rectangle-mur-escalade-300x221.webp 300w\" sizes=\"auto, (max-width: 570px) 100vw, 570px\" \/><\/a><\/div><\/div>\r\n            <\/div><script>\r\n              jQuery(document).ready(function($){\r\n                if ($(\".kd-photo-gallery-69e19f4b62b4c .gallery-items\").length) {\r\n                  $(\".kd-photo-gallery-69e19f4b62b4c .gallery-items\").owlCarousel({\r\n                    stageClass: \"owl-wrapper\",\r\n                    stageOuterClass: \"owl-wrapper-outer\",\r\n                    loadedClass: \"owl-carousel\",\r\n                    items: 1,\r\n                    rewind: true,\r\n                    responsive:{\r\n                        0:{\r\n                            dots: false,\r\n                            nav: true,\r\n                            navSpeed: 500,\r\n                        },\r\n                        1366:{\nnav: true,\r\n                                navSpeed: 500,\r\n                                dots: true,\r\n                                dotsSpeed: 500,\r\n                                dotsEach: true,}\r\n                    },\nloop: true,\nautoplay: true,\nautoplayTimeout: 4000,\nautoplayHoverPause: true,\r\n                    addClassActive: true,\r\n                  });\r\n                }\r\n              });\r\n            <\/script>[\/vc_column_inner][vc_column_inner css=&#8221;.vc_custom_1605267883935{padding-top: 50px !important;padding-right: 0px !important;padding-left: 115px !important;}&#8221; offset=&#8221;vc_col-lg-6 vc_col-md-12 vc_col-xs-12&#8243; css_tablet_landscape=&#8221;.vc_custom_1605267883935{padding-top: 0px !important;padding-right: 30px !important;padding-left: 30px !important;}&#8221; css_tablet_portrait=&#8221;.vc_custom_1605267883936{padding-top: 0px !important;padding-right: 0px !important;padding-left: 0px !important;}&#8221; css_mobile=&#8221;.vc_custom_1605267883936{padding-top: 20px !important;padding-right: 0px !important;padding-left: 0px !important;}&#8221;]<header class=\"kd-section-title col-lg-12 text-left  subtitle-below-title kd-animated fadeIn   vc_custom_1706192083864\" data-animation-delay=200><h2 class=\"separator_off\" style=\"margin-bottom:30px;\">Crea estructuras adaptadas<br \/>\na tu barco y a tu marca<\/h2><h6 class=\"subtitle\" style=\"color: #7a7d8c;\">Como cada barco es diferente, creamos estructuras a medida que adaptamos al tama\u00f1o espec\u00edfico de cada barco. As\u00ed, cada cliente puede personalizar su estructura para adaptarla a sus necesidades. <\/h6><\/header><a  href=\"https:\/\/airdockfr.com\/es\/ponte-en-contacto-con\/\"  target=\"_self\"  title=\"\"  class=\"tt_button tt_primary_button btn_primary_color  btn-align-left button-action-link icon_right  kd-animated zoomIn\" data-animation-delay=200><span class=\"prim_text\">Contacta con nosotros<\/span><span class=\"fas fa-chevron-right iconita\" style=\"font-size:12px;\"><\/span><\/a>[\/vc_column_inner][\/vc_row_inner][\/vc_column][\/vc_row][vc_row kd_background_image_position=&#8221;vc_row-bg-position-top&#8221; kd_row_shadow=&#8221;true&#8221; css=&#8221;.vc_custom_1604046231051{margin-right: 15px !important;margin-left: 15px !important;background-color: #ffffff !important;}&#8221;][vc_column][vc_row_inner kd_background_image_position=&#8221;vc_row-bg-position-top&#8221;][vc_column_inner width=&#8221;1\/3&#8243; css_tablet_portrait=&#8221;.vc_custom_1598606048566{padding-right: 10px !important;padding-left: 10px !important;}&#8221;]<div class=\"key-icon-box icon-default icon-top cont-center ib-hover-1     icon-with-background icon-no-border kd-animated fadeInUp\" style=\"background-color: transparent;\" ><div class=\"ib-wrapper\" style=\"padding-top:40px;padding-bottom:60px;padding-left:60px;padding-right:60px;\"><div class=\"ib-icon-wrapper\" style=\"width:70px;height:70px;margin-bottom:40px;\"><i class=\"iconsmind-Library iconsmind-User-Interface\" style=\"color: #11111f;font-weight: 400;\"><\/i> <\/div><h4 class=\"service-heading\" >10 a\u00f1os de experiencia<\/h4><p >Tenemos m\u00e1s de 10 a\u00f1os de experiencia en la fabricaci\u00f3n de productos hinchables a medida.<\/p><\/div><\/div>[\/vc_column_inner][vc_column_inner width=&#8221;1\/3&#8243; css_tablet_portrait=&#8221;.vc_custom_1598606053781{padding-right: 10px !important;padding-left: 10px !important;}&#8221;]<div class=\"key-icon-box icon-default icon-top cont-center ib-hover-1     icon-with-background icon-no-border kd-animated fadeInUp\" style=\"background-color: transparent;\" data-animation-delay=200><div class=\"ib-wrapper\" style=\"padding-top:40px;padding-bottom:60px;padding-left:60px;padding-right:60px;\"><div class=\"ib-icon-wrapper\" style=\"width:70px;height:70px;margin-bottom:40px;\"><i class=\"iconsmind-Medal-3 iconsmind-Sports\" style=\"color: #11111f;font-weight: 400;\"><\/i> <\/div><h4 class=\"service-heading\" >Calidad superior<\/h4><p >Nuestros materiales est\u00e9ticos, suaves, antideslizantes, duraderos, resistentes al agua salada y a los rayos UV garantizan una comodidad lujosa y duradera.<\/p><\/div><\/div>[\/vc_column_inner][vc_column_inner width=&#8221;1\/3&#8243; css_tablet_portrait=&#8221;.vc_custom_1598606059854{padding-right: 10px !important;padding-left: 10px !important;}&#8221;]<div class=\"key-icon-box icon-default icon-top cont-center ib-hover-1     icon-with-background icon-no-border kd-animated fadeInUp\" style=\"background-color: transparent;\" data-animation-delay=400><div class=\"ib-wrapper\" style=\"padding-top:40px;padding-bottom:60px;padding-left:60px;padding-right:60px;\"><div class=\"ib-icon-wrapper\" style=\"width:70px;height:70px;margin-bottom:40px;\"><i class=\"iconsmind-Eifel-Tower iconsmind-Buildings-Landmarks\" style=\"color: #11111f;font-weight: 400;\"><\/i> <\/div><h4 class=\"service-heading\" >Nuestro equipo franc\u00e9s<\/h4><p >Para una comunicaci\u00f3n sencilla y transparente, nuestro equipo franc\u00e9s responder\u00e1 a todas tus preguntas por correo electr\u00f3nico o por tel\u00e9fono.<\/p><\/div><\/div>[\/vc_column_inner][\/vc_row_inner][\/vc_column][\/vc_row][vc_row full_width=&#8221;stretch_row&#8221; kd_background_image_position=&#8221;vc_row-bg-position-top&#8221; css=&#8221;.vc_custom_1706215189239{padding-bottom: 80px !important;}&#8221;][vc_column css=&#8221;.vc_custom_1706213002402{padding-top: 50px !important;}&#8221;]<header class=\"kd-section-title col-lg-12 text-center  subtitle-below-title kd-animated fadeIn   vc_custom_1706213265292\" data-animation-delay=200><h2 class=\"separator_off\" style=\"font-size: 42px;\">\u00a1Bienvenido al mundo del lujo flotante!<\/h2><h6 class=\"subtitle\" >Gracias a nuestra experiencia en el sector de los hinchables y los deportes acu\u00e1ticos, podemos desarrollar productos innovadores de la m\u00e1xima calidad para satisfacer tus requisitos m\u00e1s exigentes. Nuestro equipo cualificado est\u00e1 a tu disposici\u00f3n para ayudarte y aconsejarte desde el principio. <\/h6><\/header>[vc_row_inner kd_background_image_position=&#8221;vc_row-bg-position-top&#8221;][vc_column_inner css=&#8221;.vc_custom_1601561601349{padding-top: 90px !important;padding-right: 30px !important;padding-left: 0px !important;}&#8221; offset=&#8221;vc_col-lg-offset-0 vc_col-lg-6 vc_col-md-offset-0 vc_col-md-6 vc_col-sm-offset-0 vc_col-xs-12&#8243; css_tablet_portrait=&#8221;.vc_custom_1601561601350{padding-top: 0px !important;padding-right: 0px !important;padding-bottom: 0px !important;padding-left: 0px !important;}&#8221; css_mobile=&#8221;.vc_custom_1601561601351{padding-top: 0px !important;padding-right: 0px !important;padding-bottom: 50px !important;padding-left: 0px !important;}&#8221; css_tablet_landscape=&#8221;.vc_custom_1601561601350{padding-bottom: 0px !important;}&#8221;]<header class=\"kd-section-title col-lg-12 text-left  subtitle-below-title kd-animated fadeIn   vc_custom_1706214584153\" data-animation-delay=200><h2 class=\"separator_off\" >Somos un equipo franc\u00e9s<br \/>\ndispuesto a escuchar todos tus proyectos<\/h2><\/header><div class=\"key-icon-box icon-default icon-left cont-left ib-no-effect     icon-with-background icon-no-border kd-animated fadeIn\" style=\"background-color: transparent;margin-bottom:40px;\" data-animation-delay=400><div class=\"ib-icon-wrapper\" style=\"background-color: #ffffff;width:40px;height:40px;\"><i class=\"iconsmind-Pencil iconsmind-Design\" style=\"color: #11111f;font-weight: 400;\"><\/i> <\/div><h4 class=\"service-heading\" >Fabricados a imagen de tu marca<\/h4><p >Integramos todas las especificaciones de tu marca en tu hinchable personalizado: logotipo, colores...<\/p><\/div><div class=\"key-icon-box icon-default icon-left cont-left ib-no-effect     icon-with-background icon-no-border kd-animated fadeIn\" style=\"background-color: transparent;margin-bottom:40px;\" data-animation-delay=400><div class=\"ib-icon-wrapper\" style=\"background-color: #ffffff;width:40px;height:40px;\"><i class=\"iconsmind-Idea-3 iconsmind-Seo-Icons\" style=\"color: #11111f;font-weight: 400;\"><\/i> <\/div><h4 class=\"service-heading\" >Da vida a tus ideas<\/h4><p >\u00bfTienes en mente un dise\u00f1o que satisface una necesidad especial? Nuestro equipo est\u00e1 aqu\u00ed para ayudarte a dar vida a tus ideas. <\/p><\/div><div class=\"key-icon-box icon-default icon-left cont-left ib-no-effect     icon-with-background icon-no-border kd-animated fadeIn\" style=\"background-color: transparent;\" data-animation-delay=400><div class=\"ib-icon-wrapper\" style=\"background-color: #ffffff;width:40px;height:40px;\"><i class=\"iconsmind-Magnifi-Glass2 iconsmind-User-Interface\" style=\"color: #11111f;font-weight: 400;\"><\/i> <\/div><h4 class=\"service-heading\" >Selecci\u00f3n rigurosa de nuestros materiales<\/h4><p >El PVC y el PVA se seleccionan de acuerdo con las normas alemanas. La durabilidad y la m\u00e1xima calidad de los materiales son nuestras prioridades. <\/p><\/div>[\/vc_column_inner][vc_column_inner offset=&#8221;vc_col-lg-6 vc_col-md-6 vc_col-xs-12&#8243; css=&#8221;.vc_custom_1598631231562{padding-right: 0px !important;padding-left: 0px !important;}&#8221;]<div class=\"kd-photo-group group-layout-right-left large-shadow enable-parallax  vc_custom_1706215372569\">\n                <div class=\"kd-group-image first-image-wrapper\"><div class=\"kd-group-image-animation kd-animated fadeInUp\" data-animation-delay=200><img loading=\"lazy\" decoding=\"async\" width=\"391\" height=\"391\" src=\"https:\/\/airdockfr.com\/wp-content\/uploads\/2024\/01\/AIRDOCKFR.COM-sur-mesure-equipe-2.webp\" class=\"attachment-full\" alt=\"\" title=\"AIRDOCKFR.COM sur mesure equipe 2\" srcset=\"https:\/\/airdockfr.com\/wp-content\/uploads\/2024\/01\/AIRDOCKFR.COM-sur-mesure-equipe-2.webp 391w, https:\/\/airdockfr.com\/wp-content\/uploads\/2024\/01\/AIRDOCKFR.COM-sur-mesure-equipe-2-300x300.webp 300w, https:\/\/airdockfr.com\/wp-content\/uploads\/2024\/01\/AIRDOCKFR.COM-sur-mesure-equipe-2-150x150.webp 150w, https:\/\/airdockfr.com\/wp-content\/uploads\/2024\/01\/AIRDOCKFR.COM-sur-mesure-equipe-2-320x320.webp 320w\" sizes=\"auto, (max-width: 391px) 100vw, 391px\" \/><\/div><\/div>\n                <div class=\"kd-group-image second-image-wrapper\" style=\"bottom: -25%;\"><div class=\"kd-group-image-animation kd-animated fadeInDown\" data-animation-delay=200><img loading=\"lazy\" decoding=\"async\" width=\"370\" height=\"370\" src=\"https:\/\/airdockfr.com\/wp-content\/uploads\/2024\/01\/AIRDOCKFR.COM-sur-mesure-equipe-1.webp\" class=\"attachment-full\" alt=\"\" title=\"AIRDOCKFR.COM sur mesure equipe 1\" srcset=\"https:\/\/airdockfr.com\/wp-content\/uploads\/2024\/01\/AIRDOCKFR.COM-sur-mesure-equipe-1.webp 370w, https:\/\/airdockfr.com\/wp-content\/uploads\/2024\/01\/AIRDOCKFR.COM-sur-mesure-equipe-1-300x300.webp 300w, https:\/\/airdockfr.com\/wp-content\/uploads\/2024\/01\/AIRDOCKFR.COM-sur-mesure-equipe-1-150x150.webp 150w, https:\/\/airdockfr.com\/wp-content\/uploads\/2024\/01\/AIRDOCKFR.COM-sur-mesure-equipe-1-320x320.webp 320w\" sizes=\"auto, (max-width: 370px) 100vw, 370px\" \/><\/div><\/div>\n            <\/div>[\/vc_column_inner][\/vc_row_inner][\/vc_column][\/vc_row][vc_row full_width=&#8221;stretch_row&#8221; kd_background_image_position=&#8221;vc_row-bg-position-top&#8221; css=&#8221;.vc_custom_1598450603157{padding-top: 100px !important;padding-bottom: 80px !important;}&#8221;][vc_column][vc_row_inner kd_background_image_position=&#8221;vc_row-bg-position-top&#8221;][vc_column_inner]<header class=\"kd-section-title col-lg-8 vc_col-sm-8 text-center  subtitle-below-title kd-animated fadeIn   vc_custom_1706286147883\" data-animation-delay=200><h2 class=\"separator_off\" >Algunos ejemplos de dise\u00f1os a medida...<\/h2><\/header>[\/vc_column_inner][\/vc_row_inner]<div class=\"mg-gallery mg-container row three-columns\" ><div class=\"mg-sizer\"><\/div><div class=\"mg-single-img small-masonry-img\"><a data-size=\"1200x1200\" href=https:\/\/airdockfr.com\/wp-content\/uploads\/2024\/01\/Toboggan-Gonflable-Yacht-AIRDOCKFR.COM-1-1.webp  ><img loading=\"lazy\" decoding=\"async\" width=\"1200\" height=\"1200\" src=\"https:\/\/airdockfr.com\/wp-content\/uploads\/2024\/01\/Toboggan-Gonflable-Yacht-AIRDOCKFR.COM-1-1.webp\" class=\"attachment-full\" alt=\"\" title=\"Toboggan Gonflable Yacht AIRDOCKFR.COM 1\" srcset=\"https:\/\/airdockfr.com\/wp-content\/uploads\/2024\/01\/Toboggan-Gonflable-Yacht-AIRDOCKFR.COM-1-1.webp 1200w, https:\/\/airdockfr.com\/wp-content\/uploads\/2024\/01\/Toboggan-Gonflable-Yacht-AIRDOCKFR.COM-1-1-300x300.webp 300w, https:\/\/airdockfr.com\/wp-content\/uploads\/2024\/01\/Toboggan-Gonflable-Yacht-AIRDOCKFR.COM-1-1-1024x1024.webp 1024w, https:\/\/airdockfr.com\/wp-content\/uploads\/2024\/01\/Toboggan-Gonflable-Yacht-AIRDOCKFR.COM-1-1-150x150.webp 150w, https:\/\/airdockfr.com\/wp-content\/uploads\/2024\/01\/Toboggan-Gonflable-Yacht-AIRDOCKFR.COM-1-1-768x768.webp 768w, https:\/\/airdockfr.com\/wp-content\/uploads\/2024\/01\/Toboggan-Gonflable-Yacht-AIRDOCKFR.COM-1-1-320x320.webp 320w, https:\/\/airdockfr.com\/wp-content\/uploads\/2024\/01\/Toboggan-Gonflable-Yacht-AIRDOCKFR.COM-1-1-800x800.webp 800w\" sizes=\"auto, (max-width: 1200px) 100vw, 1200px\" \/><\/a><\/div><div class=\"mg-single-img small-masonry-img\"><a data-size=\"1844x2392\" href=https:\/\/airdockfr.com\/wp-content\/uploads\/2024\/01\/Mur-Escalade-Yacht-AIRDOCKFR.COM-3-1.webp  ><img loading=\"lazy\" decoding=\"async\" width=\"1844\" height=\"2392\" src=\"https:\/\/airdockfr.com\/wp-content\/uploads\/2024\/01\/Mur-Escalade-Yacht-AIRDOCKFR.COM-3-1.webp\" class=\"attachment-full\" alt=\"\" title=\"Mur Escalade Yacht AIRDOCKFR.COM 3\" srcset=\"https:\/\/airdockfr.com\/wp-content\/uploads\/2024\/01\/Mur-Escalade-Yacht-AIRDOCKFR.COM-3-1.webp 1844w, https:\/\/airdockfr.com\/wp-content\/uploads\/2024\/01\/Mur-Escalade-Yacht-AIRDOCKFR.COM-3-1-231x300.webp 231w, https:\/\/airdockfr.com\/wp-content\/uploads\/2024\/01\/Mur-Escalade-Yacht-AIRDOCKFR.COM-3-1-789x1024.webp 789w, https:\/\/airdockfr.com\/wp-content\/uploads\/2024\/01\/Mur-Escalade-Yacht-AIRDOCKFR.COM-3-1-768x996.webp 768w, https:\/\/airdockfr.com\/wp-content\/uploads\/2024\/01\/Mur-Escalade-Yacht-AIRDOCKFR.COM-3-1-1184x1536.webp 1184w, https:\/\/airdockfr.com\/wp-content\/uploads\/2024\/01\/Mur-Escalade-Yacht-AIRDOCKFR.COM-3-1-1579x2048.webp 1579w, https:\/\/airdockfr.com\/wp-content\/uploads\/2024\/01\/Mur-Escalade-Yacht-AIRDOCKFR.COM-3-1-800x1038.webp 800w\" sizes=\"auto, (max-width: 1844px) 100vw, 1844px\" \/><\/a><\/div><div class=\"mg-single-img small-masonry-img\"><a data-size=\"1080x810\" href=https:\/\/airdockfr.com\/wp-content\/uploads\/2024\/01\/Bow-Slide-_0003_Illusion-bow-mount-slide-1.webp  ><img loading=\"lazy\" decoding=\"async\" width=\"1080\" height=\"810\" src=\"https:\/\/airdockfr.com\/wp-content\/uploads\/2024\/01\/Bow-Slide-_0003_Illusion-bow-mount-slide-1.webp\" class=\"attachment-full\" alt=\"\" title=\"Bow-Slide-_0003_Illusion-bow-mount-slide-1\" srcset=\"https:\/\/airdockfr.com\/wp-content\/uploads\/2024\/01\/Bow-Slide-_0003_Illusion-bow-mount-slide-1.webp 1080w, https:\/\/airdockfr.com\/wp-content\/uploads\/2024\/01\/Bow-Slide-_0003_Illusion-bow-mount-slide-1-300x225.webp 300w, https:\/\/airdockfr.com\/wp-content\/uploads\/2024\/01\/Bow-Slide-_0003_Illusion-bow-mount-slide-1-1024x768.webp 1024w, https:\/\/airdockfr.com\/wp-content\/uploads\/2024\/01\/Bow-Slide-_0003_Illusion-bow-mount-slide-1-768x576.webp 768w, https:\/\/airdockfr.com\/wp-content\/uploads\/2024\/01\/Bow-Slide-_0003_Illusion-bow-mount-slide-1-800x600.webp 800w\" sizes=\"auto, (max-width: 1080px) 100vw, 1080px\" \/><\/a><\/div><div class=\"mg-single-img small-masonry-img\"><a data-size=\"768x937\" href=https:\/\/airdockfr.com\/wp-content\/uploads\/2024\/01\/AIRDOCKFR.COM-Trampoline-flottant.webp  ><img loading=\"lazy\" decoding=\"async\" width=\"768\" height=\"937\" src=\"https:\/\/airdockfr.com\/wp-content\/uploads\/2024\/01\/AIRDOCKFR.COM-Trampoline-flottant.webp\" class=\"attachment-full\" alt=\"\" title=\"AIRDOCKFR.COM Trampoline flottant\" srcset=\"https:\/\/airdockfr.com\/wp-content\/uploads\/2024\/01\/AIRDOCKFR.COM-Trampoline-flottant.webp 768w, https:\/\/airdockfr.com\/wp-content\/uploads\/2024\/01\/AIRDOCKFR.COM-Trampoline-flottant-246x300.webp 246w\" sizes=\"auto, (max-width: 768px) 100vw, 768px\" \/><\/a><\/div><div class=\"mg-single-img small-masonry-img\"><a data-size=\"1000x1000\" href=https:\/\/airdockfr.com\/wp-content\/uploads\/2024\/01\/lounge-flottant-sur-mesure-AIRDOCKFR.COM_.webp  ><img loading=\"lazy\" decoding=\"async\" width=\"1000\" height=\"1000\" src=\"https:\/\/airdockfr.com\/wp-content\/uploads\/2024\/01\/lounge-flottant-sur-mesure-AIRDOCKFR.COM_.webp\" class=\"attachment-full\" alt=\"\" title=\"lounge flottant sur mesure AIRDOCKFR.COM\" srcset=\"https:\/\/airdockfr.com\/wp-content\/uploads\/2024\/01\/lounge-flottant-sur-mesure-AIRDOCKFR.COM_.webp 1000w, https:\/\/airdockfr.com\/wp-content\/uploads\/2024\/01\/lounge-flottant-sur-mesure-AIRDOCKFR.COM_-300x300.webp 300w, https:\/\/airdockfr.com\/wp-content\/uploads\/2024\/01\/lounge-flottant-sur-mesure-AIRDOCKFR.COM_-150x150.webp 150w, https:\/\/airdockfr.com\/wp-content\/uploads\/2024\/01\/lounge-flottant-sur-mesure-AIRDOCKFR.COM_-768x768.webp 768w, https:\/\/airdockfr.com\/wp-content\/uploads\/2024\/01\/lounge-flottant-sur-mesure-AIRDOCKFR.COM_-320x320.webp 320w, https:\/\/airdockfr.com\/wp-content\/uploads\/2024\/01\/lounge-flottant-sur-mesure-AIRDOCKFR.COM_-800x800.webp 800w\" sizes=\"auto, (max-width: 1000px) 100vw, 1000px\" \/><\/a><\/div><div class=\"mg-single-img small-masonry-img\"><a data-size=\"1920x1080\" href=https:\/\/airdockfr.com\/wp-content\/uploads\/2024\/01\/structure-sur-mesure-flottante.webp  ><img loading=\"lazy\" decoding=\"async\" width=\"1920\" height=\"1080\" src=\"https:\/\/airdockfr.com\/wp-content\/uploads\/2024\/01\/structure-sur-mesure-flottante.webp\" class=\"attachment-full\" alt=\"\" title=\"structure sur mesure flottante\" srcset=\"https:\/\/airdockfr.com\/wp-content\/uploads\/2024\/01\/structure-sur-mesure-flottante.webp 1920w, https:\/\/airdockfr.com\/wp-content\/uploads\/2024\/01\/structure-sur-mesure-flottante-300x169.webp 300w, https:\/\/airdockfr.com\/wp-content\/uploads\/2024\/01\/structure-sur-mesure-flottante-1024x576.webp 1024w, https:\/\/airdockfr.com\/wp-content\/uploads\/2024\/01\/structure-sur-mesure-flottante-768x432.webp 768w, https:\/\/airdockfr.com\/wp-content\/uploads\/2024\/01\/structure-sur-mesure-flottante-1536x864.webp 1536w, https:\/\/airdockfr.com\/wp-content\/uploads\/2024\/01\/structure-sur-mesure-flottante-800x450.webp 800w\" sizes=\"auto, (max-width: 1920px) 100vw, 1920px\" \/><\/a><\/div><\/div>[\/vc_column][\/vc_row][vc_row full_width=&#8221;stretch_row_content_no_spaces&#8221; kd_background_image_position=&#8221;vc_row-bg-position-top&#8221; css_mobile=&#8221;.vc_custom_1599051625498{padding-right: 30px !important;padding-left: 30px !important;}&#8221;][vc_column]<header class=\"kd-section-title col-lg-12 text-center  subtitle-above-title kd-animated fadeIn   vc_custom_1706288173565\" data-animation-delay=200><h2 class=\"separator_off\" >No esperes m\u00e1s, \u00a1contacta con nosotros en<br \/>\npara hablar de tu proyecto personalizado!<\/h2><\/header><a  href=\"https:\/\/airdockfr.com\/es\/ponte-en-contacto-con\/\"  target=\"_self\"  title=\"\"  class=\"tt_button tt_primary_button btn_primary_color  button-center button-action-link icon_right  kd-animated zoomIn\" data-animation-delay=200><span class=\"prim_text\">Contacta con nosotros<\/span><span class=\"fas fa-chevron-right iconita\" style=\"font-size:12px;\"><\/span><\/a>[vc_empty_space height=&#8221;150px&#8221;]<div class=\"particles-wrapper\" data-number=\"60\" data-shape=\"circle\" data-size=\"4\" data-colors=\"['#eebbc4', '#a89ec0', '#2ed47d', '#fbe2ad']\"><div id=\"particles-js-69e19f4b6a6fc\"><\/div><\/div>[\/vc_column][\/vc_row]<\/p>\n<\/div>","protected":false},"excerpt":{"rendered":"<p>[vc_row full_width=&#8221;stretch_row&#8221; content_placement=&#8221;middle&#8221; kd_background_image_position=&#8221;vc_row-bg-position-top&#8221; kd_background_overlay=&#8221;true&#8221; css=&#8221;.vc_custom_1604046877537{margin-bottom: -140px !important;background-color: #f7f4fb !important;}&#8221;][vc_column][vc_row_inner kd_background_image_position=&#8221;vc_row-bg-position-top&#8221; css=&#8221;.vc_custom_1605267718279{padding-top: 120px !important;padding-bottom: 220px !important;}&#8221; css_tablet_portrait=&#8221;.vc_custom_1605267718280{padding-top: 100px !important;}&#8221; css_mobile=&#8221;.vc_custom_1605267718281{padding-top: [&hellip;]<\/p>\n","protected":false},"author":1,"featured_media":10456,"parent":0,"menu_order":0,"comment_status":"closed","ping_status":"closed","template":"","meta":{"footnotes":""},"class_list":["post-10808","page","type-page","status-publish","has-post-thumbnail","hentry"],"_links":{"self":[{"href":"https:\/\/airdockfr.com\/es\/wp-json\/wp\/v2\/pages\/10808","targetHints":{"allow":["GET"]}}],"collection":[{"href":"https:\/\/airdockfr.com\/es\/wp-json\/wp\/v2\/pages"}],"about":[{"href":"https:\/\/airdockfr.com\/es\/wp-json\/wp\/v2\/types\/page"}],"author":[{"embeddable":true,"href":"https:\/\/airdockfr.com\/es\/wp-json\/wp\/v2\/users\/1"}],"replies":[{"embeddable":true,"href":"https:\/\/airdockfr.com\/es\/wp-json\/wp\/v2\/comments?post=10808"}],"version-history":[{"count":1,"href":"https:\/\/airdockfr.com\/es\/wp-json\/wp\/v2\/pages\/10808\/revisions"}],"predecessor-version":[{"id":10810,"href":"https:\/\/airdockfr.com\/es\/wp-json\/wp\/v2\/pages\/10808\/revisions\/10810"}],"wp:featuredmedia":[{"embeddable":true,"href":"https:\/\/airdockfr.com\/es\/wp-json\/wp\/v2\/media\/10456"}],"wp:attachment":[{"href":"https:\/\/airdockfr.com\/es\/wp-json\/wp\/v2\/media?parent=10808"}],"curies":[{"name":"wp","href":"https:\/\/api.w.org\/{rel}","templated":true}]}}