
{"id":10686,"date":"2024-01-22T15:59:44","date_gmt":"2024-01-22T15:59:44","guid":{"rendered":"https:\/\/airdockfr.com\/produit\/muelle-aereo-pare-battage-2m\/"},"modified":"2024-01-22T15:59:44","modified_gmt":"2024-01-22T15:59:44","slug":"muelle-aereo-pare-battage-2m","status":"publish","type":"product","link":"https:\/\/airdockfr.com\/es\/produit\/muelle-aereo-pare-battage-2m\/","title":{"rendered":"Muelle A\u00e9reo Pare Battage 2m"},"content":{"rendered":"","protected":false},"excerpt":{"rendered":"<p>Utiliza la defensa de 2 metros para sujetar peque\u00f1as plataformas a la embarcaci\u00f3n o entre s\u00ed.<br \/>\nAs\u00ed se evitan rozaduras y se alarga la vida de los pantalanes hinchables.<\/p>\n","protected":false},"featured_media":9689,"template":"","meta":[],"product_brand":[],"product_cat":[86],"product_tag":[],"class_list":{"0":"post-10686","1":"product","2":"type-product","3":"status-publish","4":"has-post-thumbnail","6":"product_cat-accesorios-hinchables","8":"first","9":"instock","10":"taxable","11":"shipping-taxable","12":"product-type-simple"},"_links":{"self":[{"href":"https:\/\/airdockfr.com\/es\/wp-json\/wp\/v2\/product\/10686","targetHints":{"allow":["GET"]}}],"collection":[{"href":"https:\/\/airdockfr.com\/es\/wp-json\/wp\/v2\/product"}],"about":[{"href":"https:\/\/airdockfr.com\/es\/wp-json\/wp\/v2\/types\/product"}],"wp:featuredmedia":[{"embeddable":true,"href":"https:\/\/airdockfr.com\/es\/wp-json\/wp\/v2\/media\/9689"}],"wp:attachment":[{"href":"https:\/\/airdockfr.com\/es\/wp-json\/wp\/v2\/media?parent=10686"}],"wp:term":[{"taxonomy":"product_brand","embeddable":true,"href":"https:\/\/airdockfr.com\/es\/wp-json\/wp\/v2\/product_brand?post=10686"},{"taxonomy":"product_cat","embeddable":true,"href":"https:\/\/airdockfr.com\/es\/wp-json\/wp\/v2\/product_cat?post=10686"},{"taxonomy":"product_tag","embeddable":true,"href":"https:\/\/airdockfr.com\/es\/wp-json\/wp\/v2\/product_tag?post=10686"}],"curies":[{"name":"wp","href":"https:\/\/api.w.org\/{rel}","templated":true}]}}