
{"id":10688,"date":"2024-01-19T10:52:56","date_gmt":"2024-01-19T10:52:56","guid":{"rendered":"https:\/\/airdockfr.com\/produit\/muelle-doble-aire-jet-ski-ponton\/"},"modified":"2024-01-19T10:52:56","modified_gmt":"2024-01-19T10:52:56","slug":"muelle-doble-aire-jet-ski-ponton","status":"publish","type":"product","link":"https:\/\/airdockfr.com\/es\/produit\/muelle-doble-aire-jet-ski-ponton\/","title":{"rendered":"Muelle Doble Aire Jet Ski Pont\u00f3n"},"content":{"rendered":"","protected":false},"excerpt":{"rendered":"<p>Nuestros amarres hinchables para motos acu\u00e1ticas proporcionan a tu yate un lugar seguro para organizar y asegurar tus motos acu\u00e1ticas sin necesidad de una l\u00ednea de orza. Todas nuestras soluciones de amarre para embarcaciones protegen a tus invitados, el yate y las motos acu\u00e1ticas de tu yate.   <\/p>\n<p>Ofrecemos pantalanes sencillos y dobles que pueden entregarse en cuesti\u00f3n de d\u00edas, as\u00ed como soluciones de amarre totalmente a medida, tan grandes o peque\u00f1os como necesites. Todos fabricados con materiales Drop Stitch o PVC de la m\u00e1s alta calidad. <\/p>\n<p>Gracias a nuestros pontones hinchables, puedes embarcar y desembarcar con seguridad sin riesgo de lesionarte o da\u00f1ar tu embarcaci\u00f3n.<\/p>\n<p><strong>Longitud: 4,5 m<br \/>\nAnchura: 2 m<\/strong><\/p>\n","protected":false},"featured_media":9677,"template":"","meta":[],"product_brand":[],"product_cat":[86],"product_tag":[],"class_list":{"0":"post-10688","1":"product","2":"type-product","3":"status-publish","4":"has-post-thumbnail","6":"product_cat-accesorios-hinchables","8":"first","9":"instock","10":"taxable","11":"shipping-taxable","12":"purchasable","13":"product-type-simple"},"_links":{"self":[{"href":"https:\/\/airdockfr.com\/es\/wp-json\/wp\/v2\/product\/10688","targetHints":{"allow":["GET"]}}],"collection":[{"href":"https:\/\/airdockfr.com\/es\/wp-json\/wp\/v2\/product"}],"about":[{"href":"https:\/\/airdockfr.com\/es\/wp-json\/wp\/v2\/types\/product"}],"wp:featuredmedia":[{"embeddable":true,"href":"https:\/\/airdockfr.com\/es\/wp-json\/wp\/v2\/media\/9677"}],"wp:attachment":[{"href":"https:\/\/airdockfr.com\/es\/wp-json\/wp\/v2\/media?parent=10688"}],"wp:term":[{"taxonomy":"product_brand","embeddable":true,"href":"https:\/\/airdockfr.com\/es\/wp-json\/wp\/v2\/product_brand?post=10688"},{"taxonomy":"product_cat","embeddable":true,"href":"https:\/\/airdockfr.com\/es\/wp-json\/wp\/v2\/product_cat?post=10688"},{"taxonomy":"product_tag","embeddable":true,"href":"https:\/\/airdockfr.com\/es\/wp-json\/wp\/v2\/product_tag?post=10688"}],"curies":[{"name":"wp","href":"https:\/\/api.w.org\/{rel}","templated":true}]}}