
{"id":10695,"date":"2024-01-19T07:41:27","date_gmt":"2024-01-19T07:41:27","guid":{"rendered":"https:\/\/airdockfr.com\/produit\/muro-de-escalada-air-dock\/"},"modified":"2024-01-19T07:41:27","modified_gmt":"2024-01-19T07:41:27","slug":"muro-de-escalada-air-dock","status":"publish","type":"product","link":"https:\/\/airdockfr.com\/es\/produit\/muro-de-escalada-air-dock\/","title":{"rendered":"Muro de escalada Air Dock"},"content":{"rendered":"","protected":false},"excerpt":{"rendered":"<p>Los roc\u00f3dromos hinchables AIRDOCK France est\u00e1n dise\u00f1ados para adaptarse a todos los niveles, desde principiante a escalador experimentado. Las asas resistentes y c\u00f3modas ayudan a todos los tama\u00f1os de manos y pies, mojados o secos, para que te sientas m\u00e1s seguro y confiado al escalar la pared. <\/p>\n<p><strong>Nuestro roc\u00f3dromo Air Dock est\u00e1 hecho A MEDIDA.<\/strong><\/p>\n<p>Hacemos tu roc\u00f3dromo a medida, seg\u00fan las especificaciones exactas de tu yate, para que puedas concentrarte en divertirte mientras t\u00fa y tus invitados escal\u00e1is utilizando nuestros exclusivos asideros de agarre suave. Nuestros dise\u00f1adores pueden personalizar completamente tu roc\u00f3dromo con el tama\u00f1o, los colores y tu logotipo para adaptarlo a tu yate. <\/p>\n","protected":false},"featured_media":9672,"template":"","meta":[],"product_brand":[],"product_cat":[88],"product_tag":[],"class_list":{"0":"post-10695","1":"product","2":"type-product","3":"status-publish","4":"has-post-thumbnail","6":"product_cat-estructuras-hinchables","8":"first","9":"instock","10":"taxable","11":"shipping-taxable","12":"product-type-simple"},"_links":{"self":[{"href":"https:\/\/airdockfr.com\/es\/wp-json\/wp\/v2\/product\/10695","targetHints":{"allow":["GET"]}}],"collection":[{"href":"https:\/\/airdockfr.com\/es\/wp-json\/wp\/v2\/product"}],"about":[{"href":"https:\/\/airdockfr.com\/es\/wp-json\/wp\/v2\/types\/product"}],"wp:featuredmedia":[{"embeddable":true,"href":"https:\/\/airdockfr.com\/es\/wp-json\/wp\/v2\/media\/9672"}],"wp:attachment":[{"href":"https:\/\/airdockfr.com\/es\/wp-json\/wp\/v2\/media?parent=10695"}],"wp:term":[{"taxonomy":"product_brand","embeddable":true,"href":"https:\/\/airdockfr.com\/es\/wp-json\/wp\/v2\/product_brand?post=10695"},{"taxonomy":"product_cat","embeddable":true,"href":"https:\/\/airdockfr.com\/es\/wp-json\/wp\/v2\/product_cat?post=10695"},{"taxonomy":"product_tag","embeddable":true,"href":"https:\/\/airdockfr.com\/es\/wp-json\/wp\/v2\/product_tag?post=10695"}],"curies":[{"name":"wp","href":"https:\/\/api.w.org\/{rel}","templated":true}]}}