
{"id":10696,"date":"2024-01-18T20:01:02","date_gmt":"2024-01-18T20:01:02","guid":{"rendered":"https:\/\/airdockfr.com\/produit\/piscine-airdock-francia\/"},"modified":"2024-01-18T20:01:02","modified_gmt":"2024-01-18T20:01:02","slug":"piscine-airdock-francia","status":"publish","type":"product","link":"https:\/\/airdockfr.com\/es\/produit\/piscine-airdock-francia\/","title":{"rendered":"Piscine AIRDOCK Francia"},"content":{"rendered":"","protected":false},"excerpt":{"rendered":"<p>Disfruta de tiempo sin preocupaciones detr\u00e1s de tu yate con tus seres queridos. Con la piscina AIRDOCK France, tendr\u00e1s mucho espacio para ba\u00f1arte y nadar, as\u00ed como una zona de ba\u00f1o integrada que te invita a tomar el sol. <\/p>\n<p><strong>Ten en cuenta que la Piscina de Lujo se puede combinar f\u00e1cilmente con todas las plataformas AIRDOCK France.<\/strong><\/p>\n<p> Dise\u00f1ada para nadar en el mar con total seguridad y disfrutar de maravillosos d\u00edas de piscina detr\u00e1s de tu yate. Nada en el mar sin que te molesten los desagradables encuentros con medusas y otras criaturas marinas o part\u00edculas marinas flotantes. Gracias a la red de protecci\u00f3n interior de PVC de malla fina, estar\u00e1s perfectamente protegido.  <\/p>\n","protected":false},"featured_media":9665,"template":"","meta":[],"product_brand":[],"product_cat":[86],"product_tag":[],"class_list":{"0":"post-10696","1":"product","2":"type-product","3":"status-publish","4":"has-post-thumbnail","6":"product_cat-accesorios-hinchables","8":"first","9":"instock","10":"taxable","11":"shipping-taxable","12":"product-type-simple"},"_links":{"self":[{"href":"https:\/\/airdockfr.com\/es\/wp-json\/wp\/v2\/product\/10696","targetHints":{"allow":["GET"]}}],"collection":[{"href":"https:\/\/airdockfr.com\/es\/wp-json\/wp\/v2\/product"}],"about":[{"href":"https:\/\/airdockfr.com\/es\/wp-json\/wp\/v2\/types\/product"}],"wp:featuredmedia":[{"embeddable":true,"href":"https:\/\/airdockfr.com\/es\/wp-json\/wp\/v2\/media\/9665"}],"wp:attachment":[{"href":"https:\/\/airdockfr.com\/es\/wp-json\/wp\/v2\/media?parent=10696"}],"wp:term":[{"taxonomy":"product_brand","embeddable":true,"href":"https:\/\/airdockfr.com\/es\/wp-json\/wp\/v2\/product_brand?post=10696"},{"taxonomy":"product_cat","embeddable":true,"href":"https:\/\/airdockfr.com\/es\/wp-json\/wp\/v2\/product_cat?post=10696"},{"taxonomy":"product_tag","embeddable":true,"href":"https:\/\/airdockfr.com\/es\/wp-json\/wp\/v2\/product_tag?post=10696"}],"curies":[{"name":"wp","href":"https:\/\/api.w.org\/{rel}","templated":true}]}}