
{"id":10703,"date":"2024-01-18T15:09:55","date_gmt":"2024-01-18T15:09:55","guid":{"rendered":"https:\/\/airdockfr.com\/produit\/muelle-neumatico-hinchable\/"},"modified":"2024-01-18T15:09:55","modified_gmt":"2024-01-18T15:09:55","slug":"muelle-neumatico-hinchable","status":"publish","type":"product","link":"https:\/\/airdockfr.com\/es\/produit\/muelle-neumatico-hinchable\/","title":{"rendered":"Muelle neum\u00e1tico hinchable"},"content":{"rendered":"","protected":false},"excerpt":{"rendered":"<p>Esta tumbona hinchable Air Dock Lounge es lo \u00faltimo en tumbonas hinchables para disfrutar de un c\u00f3ctel junto al mar, el lago o la piscina. Imag\u00ednate a ti y a tus amigos saboreando un c\u00f3ctel helado mientras flot\u00e1is suavemente sobre el agua, con los pies colgando en el agua fresca. <\/p>\n<p>Los respaldos est\u00e1n firmemente sujetos al pont\u00f3n flotante con anillas en D y grilletes de acero inoxidable de calidad marina, para que puedas relajarte al m\u00e1ximo en la mejor tumbona hinchable flotante de hoy en d\u00eda.<\/p>\n<p>4 adultos pueden sentarse f\u00e1cilmente en esta tumbona hinchable.<\/p>\n<p><strong>Longitud: 3 m<\/strong><br \/>\n<strong>Anchura: 2,2 m<\/strong><\/p>\n","protected":false},"featured_media":9658,"template":"","meta":[],"product_brand":[],"product_cat":[86],"product_tag":[],"class_list":{"0":"post-10703","1":"product","2":"type-product","3":"status-publish","4":"has-post-thumbnail","6":"product_cat-accesorios-hinchables","8":"first","9":"instock","10":"taxable","11":"shipping-taxable","12":"purchasable","13":"product-type-simple"},"_links":{"self":[{"href":"https:\/\/airdockfr.com\/es\/wp-json\/wp\/v2\/product\/10703","targetHints":{"allow":["GET"]}}],"collection":[{"href":"https:\/\/airdockfr.com\/es\/wp-json\/wp\/v2\/product"}],"about":[{"href":"https:\/\/airdockfr.com\/es\/wp-json\/wp\/v2\/types\/product"}],"wp:featuredmedia":[{"embeddable":true,"href":"https:\/\/airdockfr.com\/es\/wp-json\/wp\/v2\/media\/9658"}],"wp:attachment":[{"href":"https:\/\/airdockfr.com\/es\/wp-json\/wp\/v2\/media?parent=10703"}],"wp:term":[{"taxonomy":"product_brand","embeddable":true,"href":"https:\/\/airdockfr.com\/es\/wp-json\/wp\/v2\/product_brand?post=10703"},{"taxonomy":"product_cat","embeddable":true,"href":"https:\/\/airdockfr.com\/es\/wp-json\/wp\/v2\/product_cat?post=10703"},{"taxonomy":"product_tag","embeddable":true,"href":"https:\/\/airdockfr.com\/es\/wp-json\/wp\/v2\/product_tag?post=10703"}],"curies":[{"name":"wp","href":"https:\/\/api.w.org\/{rel}","templated":true}]}}