
{"id":10710,"date":"2024-01-18T10:50:59","date_gmt":"2024-01-18T10:50:59","guid":{"rendered":"https:\/\/airdockfr.com\/produit\/ponton-hinchable-air-dock-2x2m\/"},"modified":"2024-01-18T10:50:59","modified_gmt":"2024-01-18T10:50:59","slug":"ponton-hinchable-air-dock-2x2m","status":"publish","type":"product","link":"https:\/\/airdockfr.com\/es\/produit\/ponton-hinchable-air-dock-2x2m\/","title":{"rendered":"Pont\u00f3n hinchable Air Dock 2x2m"},"content":{"rendered":"","protected":false},"excerpt":{"rendered":"<p>\u00a1El <strong>pont\u00f3n flotante hinchable Air Dock<\/strong> definitivo para aventuras en barco en el mar, el lago o la playa! Utiliza las anillas de acero inoxidable de calidad marina para fijar el muelle hinchable a tu embarcaci\u00f3n, o f\u00edjalo en su sitio y rel\u00e1jate con los amigos. <\/p>\n<p>Fabricado con un <strong>revolucionario material DWF<\/strong> que crea una superficie plana, estable y de alta resistencia, incre\u00edblemente fuerte y resistente a los da\u00f1os cuando se infla, este pantal\u00e1n port\u00e1til es el complemento perfecto para tu barco.<\/p>\n<p>Su acabado en EVA antit\u00e9rmica, la misma que se utiliza en las embarcaciones de recreo, le confiere un tacto suave y relajante.<\/p>\n<p>M\u00e1s informaci\u00f3n sobre nuestros pontones hinchables Air Dock <a href=\"\/pontons-gonflables-air-dock\/\"><strong>en nuestra p\u00e1gina dedicada.<\/strong><\/a><\/p>\n","protected":false},"featured_media":9647,"template":"","meta":[],"product_brand":[],"product_cat":[90],"product_tag":[],"class_list":{"0":"post-10710","1":"product","2":"type-product","3":"status-publish","4":"has-post-thumbnail","6":"product_cat-pontones-airdock","8":"first","9":"instock","10":"taxable","11":"shipping-taxable","12":"purchasable","13":"product-type-simple"},"_links":{"self":[{"href":"https:\/\/airdockfr.com\/es\/wp-json\/wp\/v2\/product\/10710","targetHints":{"allow":["GET"]}}],"collection":[{"href":"https:\/\/airdockfr.com\/es\/wp-json\/wp\/v2\/product"}],"about":[{"href":"https:\/\/airdockfr.com\/es\/wp-json\/wp\/v2\/types\/product"}],"wp:featuredmedia":[{"embeddable":true,"href":"https:\/\/airdockfr.com\/es\/wp-json\/wp\/v2\/media\/9647"}],"wp:attachment":[{"href":"https:\/\/airdockfr.com\/es\/wp-json\/wp\/v2\/media?parent=10710"}],"wp:term":[{"taxonomy":"product_brand","embeddable":true,"href":"https:\/\/airdockfr.com\/es\/wp-json\/wp\/v2\/product_brand?post=10710"},{"taxonomy":"product_cat","embeddable":true,"href":"https:\/\/airdockfr.com\/es\/wp-json\/wp\/v2\/product_cat?post=10710"},{"taxonomy":"product_tag","embeddable":true,"href":"https:\/\/airdockfr.com\/es\/wp-json\/wp\/v2\/product_tag?post=10710"}],"curies":[{"name":"wp","href":"https:\/\/api.w.org\/{rel}","templated":true}]}}